{"id":25,"date":"2025-04-24T10:00:00","date_gmt":"2025-04-24T10:00:00","guid":{"rendered":"https:\/\/terimak.com.mk\/?page_id=25"},"modified":"2025-05-09T16:57:11","modified_gmt":"2025-05-09T16:57:11","slug":"pocetna","status":"publish","type":"page","link":"https:\/\/terimak.com.mk\/sq\/","title":{"rendered":"Faqja kryesore"},"content":{"rendered":"<div data-elementor-type=\"wp-page\" data-elementor-id=\"25\" class=\"elementor elementor-25\" data-elementor-post-type=\"page\">\n\t\t\t\t<div class=\"elementor-element elementor-element-4a47070 e-flex e-con-boxed e-con e-parent\" data-id=\"4a47070\" data-element_type=\"container\" data-settings=\"{&quot;background_background&quot;:&quot;classic&quot;}\">\n\t\t\t\t\t<div class=\"e-con-inner\">\n\t\t\t\t<div class=\"elementor-element elementor-element-fccb5a6 elementor-widget elementor-widget-heading\" data-id=\"fccb5a6\" data-element_type=\"widget\" data-widget_type=\"heading.default\">\n\t\t\t\t<div class=\"elementor-widget-container\">\n\t\t\t\t\t<h2 class=\"elementor-heading-title elementor-size-default\">Mir\u00eb se vini n\u00eb\n<\/h2>\t\t\t\t<\/div>\n\t\t\t\t<\/div>\n\t\t\t\t<div class=\"elementor-element elementor-element-54ccb28 elementor-widget elementor-widget-heading\" data-id=\"54ccb28\" data-element_type=\"widget\" data-widget_type=\"heading.default\">\n\t\t\t\t<div class=\"elementor-widget-container\">\n\t\t\t\t\t<h2 class=\"elementor-heading-title elementor-size-default\">TERIMAK<\/h2>\t\t\t\t<\/div>\n\t\t\t\t<\/div>\n\t\t\t\t<div class=\"elementor-element elementor-element-eaa39bf elementor-widget-divider--view-line elementor-widget elementor-widget-divider\" data-id=\"eaa39bf\" data-element_type=\"widget\" data-widget_type=\"divider.default\">\n\t\t\t\t<div class=\"elementor-widget-container\">\n\t\t\t\t\t\t\t<div class=\"elementor-divider\">\n\t\t\t<span class=\"elementor-divider-separator\">\n\t\t\t\t\t\t<\/span>\n\t\t<\/div>\n\t\t\t\t\t\t<\/div>\n\t\t\t\t<\/div>\n\t\t\t\t<div class=\"elementor-element elementor-element-ea5709e elementor-widget elementor-widget-heading\" data-id=\"ea5709e\" data-element_type=\"widget\" data-widget_type=\"heading.default\">\n\t\t\t\t<div class=\"elementor-widget-container\">\n\t\t\t\t\t<h2 class=\"elementor-heading-title elementor-size-default\">Partneri juaj i besuesh\u00ebm n\u00eb spedicione!\n\n<\/h2>\t\t\t\t<\/div>\n\t\t\t\t<\/div>\n\t\t\t\t\t<\/div>\n\t\t\t\t<\/div>\n\t\t<div class=\"elementor-element elementor-element-fdcdf89 e-flex e-con-boxed e-con e-parent\" data-id=\"fdcdf89\" data-element_type=\"container\" data-settings=\"{&quot;background_background&quot;:&quot;classic&quot;}\">\n\t\t\t\t\t<div class=\"e-con-inner\">\n\t\t\t\t<div class=\"elementor-element elementor-element-3f4dc4d elementor-widget elementor-widget-heading\" data-id=\"3f4dc4d\" data-element_type=\"widget\" data-widget_type=\"heading.default\">\n\t\t\t\t<div class=\"elementor-widget-container\">\n\t\t\t\t\t<h2 class=\"elementor-heading-title elementor-size-default\">Sh\u00ebrbimet tona<\/h2>\t\t\t\t<\/div>\n\t\t\t\t<\/div>\n\t\t\t\t<div class=\"elementor-element elementor-element-76671c6 elementor-widget elementor-widget-heading\" data-id=\"76671c6\" data-element_type=\"widget\" data-widget_type=\"heading.default\">\n\t\t\t\t<div class=\"elementor-widget-container\">\n\t\t\t\t\t<h2 class=\"elementor-heading-title elementor-size-default\">Cil\u00ebsi dhe besim me ne!\n\n<\/h2>\t\t\t\t<\/div>\n\t\t\t\t<\/div>\n\t\t\t\t<div class=\"elementor-element elementor-element-bcdc0ea elementor-widget-divider--view-line elementor-widget elementor-widget-divider\" data-id=\"bcdc0ea\" data-element_type=\"widget\" data-widget_type=\"divider.default\">\n\t\t\t\t<div class=\"elementor-widget-container\">\n\t\t\t\t\t\t\t<div class=\"elementor-divider\">\n\t\t\t<span class=\"elementor-divider-separator\">\n\t\t\t\t\t\t<\/span>\n\t\t<\/div>\n\t\t\t\t\t\t<\/div>\n\t\t\t\t<\/div>\n\t\t<div class=\"elementor-element elementor-element-af2d6e8 e-con-full e-flex e-con e-child\" data-id=\"af2d6e8\" data-element_type=\"container\">\n\t\t<a class=\"elementor-element elementor-element-a8e3da2 e-con-full e-flex e-con e-child\" data-id=\"a8e3da2\" data-element_type=\"container\" data-settings=\"{&quot;background_background&quot;:&quot;classic&quot;}\" href=\"https:\/\/terimak.com.mk\/sq\/transport\/\">\n\t\t\t\t<div class=\"elementor-element elementor-element-219b043 elementor-position-left elementor-view-default elementor-mobile-position-top elementor-widget elementor-widget-icon-box\" data-id=\"219b043\" data-element_type=\"widget\" data-widget_type=\"icon-box.default\">\n\t\t\t\t<div class=\"elementor-widget-container\">\n\t\t\t\t\t\t\t<div class=\"elementor-icon-box-wrapper\">\n\n\t\t\t\t\t\t<div class=\"elementor-icon-box-icon\">\n\t\t\t\t<span  class=\"elementor-icon\">\n\t\t\t\t<svg aria-hidden=\"true\" class=\"e-font-icon-svg e-fas-truck\" viewbox=\"0 0 640 512\" xmlns=\"http:\/\/www.w3.org\/2000\/svg\"><path d=\"M624 352h-16V243.9c0-12.7-5.1-24.9-14.1-33.9L494 110.1c-9-9-21.2-14.1-33.9-14.1H416V48c0-26.5-21.5-48-48-48H48C21.5 0 0 21.5 0 48v320c0 26.5 21.5 48 48 48h16c0 53 43 96 96 96s96-43 96-96h128c0 53 43 96 96 96s96-43 96-96h48c8.8 0 16-7.2 16-16v-32c0-8.8-7.2-16-16-16zM160 464c-26.5 0-48-21.5-48-48s21.5-48 48-48 48 21.5 48 48-21.5 48-48 48zm320 0c-26.5 0-48-21.5-48-48s21.5-48 48-48 48 21.5 48 48-21.5 48-48 48zm80-208H416V144h44.1l99.9 99.9V256z\"><\/path><\/svg>\t\t\t\t<\/span>\n\t\t\t<\/div>\n\t\t\t\n\t\t\t\t\t\t<div class=\"elementor-icon-box-content\">\n\n\t\t\t\t\t\t\t\t\t<h3 class=\"elementor-icon-box-title\">\n\t\t\t\t\t\t<span  >\n\t\t\t\t\t\t\tTransport\t\t\t\t\t\t<\/span>\n\t\t\t\t\t<\/h3>\n\t\t\t\t\n\t\t\t\t\n\t\t\t<\/div>\n\t\t\t\n\t\t<\/div>\n\t\t\t\t\t\t<\/div>\n\t\t\t\t<\/div>\n\t\t\t\t<div class=\"elementor-element elementor-element-4e84f82 elementor-widget elementor-widget-heading\" data-id=\"4e84f82\" data-element_type=\"widget\" data-widget_type=\"heading.default\">\n\t\t\t\t<div class=\"elementor-widget-container\">\n\t\t\t\t\t<h2 class=\"elementor-heading-title elementor-size-default\">Nj\u00eb faktor ky\u00e7 p\u00ebr \u00e7do sukses industrial \u00ebsht\u00eb transporti i shpejt\u00eb dhe i sigurt i produkteve deri te p\u00ebrdoruesi final.\nNe ofrojm\u00eb nj\u00eb sh\u00ebrbim t\u00eb plot\u00eb transporti p\u00ebrmes bashk\u00ebpunimit me nj\u00eb rrjet t\u00eb besuesh\u00ebm partner\u00ebsh p\u00ebr transport ajror, hekurudhor dhe me kamion\u00eb.<\/h2>\t\t\t\t<\/div>\n\t\t\t\t<\/div>\n\t\t\t\t<\/a>\n\t\t<a class=\"elementor-element elementor-element-1f2e429 e-con-full e-flex e-con e-child\" data-id=\"1f2e429\" data-element_type=\"container\" data-settings=\"{&quot;background_background&quot;:&quot;classic&quot;}\" href=\"https:\/\/terimak.com.mk\/sq\/spedicija\/\">\n\t\t\t\t<div class=\"elementor-element elementor-element-4c5a035 elementor-position-left elementor-view-default elementor-mobile-position-top elementor-widget elementor-widget-icon-box\" data-id=\"4c5a035\" data-element_type=\"widget\" data-widget_type=\"icon-box.default\">\n\t\t\t\t<div class=\"elementor-widget-container\">\n\t\t\t\t\t\t\t<div class=\"elementor-icon-box-wrapper\">\n\n\t\t\t\t\t\t<div class=\"elementor-icon-box-icon\">\n\t\t\t\t<span  class=\"elementor-icon\">\n\t\t\t\t<svg aria-hidden=\"true\" class=\"e-font-icon-svg e-fas-house-user\" viewbox=\"0 0 576 512\" xmlns=\"http:\/\/www.w3.org\/2000\/svg\"><path d=\"M570.69,236.27,512,184.44V48a16,16,0,0,0-16-16H432a16,16,0,0,0-16,16V99.67L314.78,10.3C308.5,4.61,296.53,0,288,0s-20.46,4.61-26.74,10.3l-256,226A18.27,18.27,0,0,0,0,248.2a18.64,18.64,0,0,0,4.09,10.71L25.5,282.7a21.14,21.14,0,0,0,12,5.3,21.67,21.67,0,0,0,10.69-4.11l15.9-14V480a32,32,0,0,0,32,32H480a32,32,0,0,0,32-32V269.88l15.91,14A21.94,21.94,0,0,0,538.63,288a20.89,20.89,0,0,0,11.87-5.31l21.41-23.81A21.64,21.64,0,0,0,576,248.19,21,21,0,0,0,570.69,236.27ZM288,176a64,64,0,1,1-64,64A64,64,0,0,1,288,176ZM400,448H176a16,16,0,0,1-16-16,96,96,0,0,1,96-96h64a96,96,0,0,1,96,96A16,16,0,0,1,400,448Z\"><\/path><\/svg>\t\t\t\t<\/span>\n\t\t\t<\/div>\n\t\t\t\n\t\t\t\t\t\t<div class=\"elementor-icon-box-content\">\n\n\t\t\t\t\t\t\t\t\t<h3 class=\"elementor-icon-box-title\">\n\t\t\t\t\t\t<span  >\n\t\t\t\t\t\t\tSpedicion\t\t\t\t\t\t<\/span>\n\t\t\t\t\t<\/h3>\n\t\t\t\t\n\t\t\t\t\n\t\t\t<\/div>\n\t\t\t\n\t\t<\/div>\n\t\t\t\t\t\t<\/div>\n\t\t\t\t<\/div>\n\t\t\t\t<div class=\"elementor-element elementor-element-aee9a1f elementor-widget elementor-widget-heading\" data-id=\"aee9a1f\" data-element_type=\"widget\" data-widget_type=\"heading.default\">\n\t\t\t\t<div class=\"elementor-widget-container\">\n\t\t\t\t\t<h2 class=\"elementor-heading-title elementor-size-default\">Ekipi yn\u00eb i licencuar dhe me p\u00ebrvoj\u00eb n\u00eb nd\u00ebrmjet\u00ebsimin doganor me praktik\u00eb shum\u00ebvje\u00e7are \u00ebsht\u00eb n\u00eb dispozicionin tuaj p\u00ebr konsultime dhe mb\u00ebshtetje t\u00eb plot\u00eb gjat\u00eb procedurave doganore p\u00ebr importin. Ne ofrojm\u00eb k\u00ebshillim logjistik, p\u00ebrgatitje t\u00eb dokumentacionit, si dhe kontroll final para doganimit.<\/h2>\t\t\t\t<\/div>\n\t\t\t\t<\/div>\n\t\t\t\t<\/a>\n\t\t<div class=\"elementor-element elementor-element-7bf7df1 e-con-full e-flex e-con e-child\" data-id=\"7bf7df1\" data-element_type=\"container\" data-settings=\"{&quot;background_background&quot;:&quot;classic&quot;}\">\n\t\t\t\t<div class=\"elementor-element elementor-element-c20d053 elementor-position-left elementor-view-default elementor-mobile-position-top elementor-widget elementor-widget-icon-box\" data-id=\"c20d053\" data-element_type=\"widget\" data-widget_type=\"icon-box.default\">\n\t\t\t\t<div class=\"elementor-widget-container\">\n\t\t\t\t\t\t\t<div class=\"elementor-icon-box-wrapper\">\n\n\t\t\t\t\t\t<div class=\"elementor-icon-box-icon\">\n\t\t\t\t<span  class=\"elementor-icon\">\n\t\t\t\t<svg aria-hidden=\"true\" class=\"e-font-icon-svg e-fas-box-open\" viewbox=\"0 0 640 512\" xmlns=\"http:\/\/www.w3.org\/2000\/svg\"><path d=\"M425.7 256c-16.9 0-32.8-9-41.4-23.4L320 126l-64.2 106.6c-8.7 14.5-24.6 23.5-41.5 23.5-4.5 0-9-.6-13.3-1.9L64 215v178c0 14.7 10 27.5 24.2 31l216.2 54.1c10.2 2.5 20.9 2.5 31 0L551.8 424c14.2-3.6 24.2-16.4 24.2-31V215l-137 39.1c-4.3 1.3-8.8 1.9-13.3 1.9zm212.6-112.2L586.8 41c-3.1-6.2-9.8-9.8-16.7-8.9L320 64l91.7 152.1c3.8 6.3 11.4 9.3 18.5 7.3l197.9-56.5c9.9-2.9 14.7-13.9 10.2-23.1zM53.2 41L1.7 143.8c-4.6 9.2.3 20.2 10.1 23l197.9 56.5c7.1 2 14.7-1 18.5-7.3L320 64 69.8 32.1c-6.9-.8-13.5 2.7-16.6 8.9z\"><\/path><\/svg>\t\t\t\t<\/span>\n\t\t\t<\/div>\n\t\t\t\n\t\t\t\t\t\t<div class=\"elementor-icon-box-content\">\n\n\t\t\t\t\t\t\t\t\t<h3 class=\"elementor-icon-box-title\">\n\t\t\t\t\t\t<span  >\n\t\t\t\t\t\t\tDepo Doganore\t\t\t\t\t\t<\/span>\n\t\t\t\t\t<\/h3>\n\t\t\t\t\n\t\t\t\t\n\t\t\t<\/div>\n\t\t\t\n\t\t<\/div>\n\t\t\t\t\t\t<\/div>\n\t\t\t\t<\/div>\n\t\t\t\t<div class=\"elementor-element elementor-element-fa68088 elementor-widget elementor-widget-heading\" data-id=\"fa68088\" data-element_type=\"widget\" data-widget_type=\"heading.default\">\n\t\t\t\t<div class=\"elementor-widget-container\">\n\t\t\t\t\t<h2 class=\"elementor-heading-title elementor-size-default\">N\u00eb Terimak, ju ofrojm\u00eb magazinim profesional t\u00eb mallrave n\u00eb depo doganore, duke ju mund\u00ebsuar t\u00eb shtyni pagesat e detyrimeve t\u00eb importit (dogan\u00eb, TVSH, akciz\u00eb) derisa mallrat t\u00eb kalojn\u00eb n\u00eb nj\u00eb procedur\u00eb t\u00eb re doganore.\n<br><br>\n<p style=\"color:white;font-size:20px;background-color: #FC080B;padding:10px;margin: 0 30px;border-radius:10px\">\n  S\u00eb shpejti\n<\/p>\n<\/h2>\t\t\t\t<\/div>\n\t\t\t\t<\/div>\n\t\t\t\t<\/div>\n\t\t\t\t<\/div>\n\t\t\t\t<div class=\"elementor-element elementor-element-ee1db2e elementor-widget elementor-widget-heading\" data-id=\"ee1db2e\" data-element_type=\"widget\" data-widget_type=\"heading.default\">\n\t\t\t\t<div class=\"elementor-widget-container\">\n\t\t\t\t\t<h2 class=\"elementor-heading-title elementor-size-default\">Me Terimak, mallrat tuaja jan\u00eb n\u00eb duar t\u00eb sigurta \u2013 n\u00ebn kontrollin tuaj t\u00eb plot\u00eb.<\/h2>\t\t\t\t<\/div>\n\t\t\t\t<\/div>\n\t\t\t\t\t<\/div>\n\t\t\t\t<\/div>\n\t\t<div class=\"elementor-element elementor-element-0d0e296 e-flex e-con-boxed e-con e-parent\" data-id=\"0d0e296\" data-element_type=\"container\" data-settings=\"{&quot;background_background&quot;:&quot;classic&quot;}\">\n\t\t\t\t\t<div class=\"e-con-inner\">\n\t\t\t\t<div class=\"elementor-element elementor-element-be56270 elementor-widget elementor-widget-heading\" data-id=\"be56270\" data-element_type=\"widget\" data-widget_type=\"heading.default\">\n\t\t\t\t<div class=\"elementor-widget-container\">\n\t\t\t\t\t<h2 class=\"elementor-heading-title elementor-size-default\">Spedicion profesional<br>\nme Terimak<\/h2>\t\t\t\t<\/div>\n\t\t\t\t<\/div>\n\t\t\t\t<div class=\"elementor-element elementor-element-4577c7e elementor-widget elementor-widget-heading\" data-id=\"4577c7e\" data-element_type=\"widget\" data-widget_type=\"heading.default\">\n\t\t\t\t<div class=\"elementor-widget-container\">\n\t\t\t\t\t<h2 class=\"elementor-heading-title elementor-size-default\">Partneri juaj i sigurt n\u00eb import dhe eksport<\/h2>\t\t\t\t<\/div>\n\t\t\t\t<\/div>\n\t\t\t\t<div class=\"elementor-element elementor-element-99ecdac elementor-widget-divider--view-line elementor-widget elementor-widget-divider\" data-id=\"99ecdac\" data-element_type=\"widget\" data-widget_type=\"divider.default\">\n\t\t\t\t<div class=\"elementor-widget-container\">\n\t\t\t\t\t\t\t<div class=\"elementor-divider\">\n\t\t\t<span class=\"elementor-divider-separator\">\n\t\t\t\t\t\t<\/span>\n\t\t<\/div>\n\t\t\t\t\t\t<\/div>\n\t\t\t\t<\/div>\n\t\t\t\t<div class=\"elementor-element elementor-element-2e490fe elementor-widget elementor-widget-heading\" data-id=\"2e490fe\" data-element_type=\"widget\" data-widget_type=\"heading.default\">\n\t\t\t\t<div class=\"elementor-widget-container\">\n\t\t\t\t\t<h2 class=\"elementor-heading-title elementor-size-default\">N\u00eb <b>Terimak<\/b>, fokusi yn\u00eb \u00ebsht\u00eb i thjesht\u00eb \u2013 <b>e shpejt\u00eb, e sigurt dhe profesionale<\/b> d\u00ebrgesa e shpejt\u00eb, e sigurt dhe profesionale e mallrave tuaja, pa vonesa apo nd\u00ebrlikime t\u00eb panevojshme. Ekspert\u00ebt tan\u00eb kujdesen p\u00ebr zbatimin e plot\u00eb t\u00eb procedurave doganore, duke ju mund\u00ebsuar nj\u00eb funksionim t\u00eb qet\u00eb dhe efikas, pa barriera administrative.\n<\/h2>\t\t\t\t<\/div>\n\t\t\t\t<\/div>\n\t\t\t\t<div class=\"elementor-element elementor-element-e73c081 elementor-widget elementor-widget-heading\" data-id=\"e73c081\" data-element_type=\"widget\" data-widget_type=\"heading.default\">\n\t\t\t\t<div class=\"elementor-widget-container\">\n\t\t\t\t\t<h2 class=\"elementor-heading-title elementor-size-default\">Pse t\u00eb zgjidhni Terimak?<\/h2>\t\t\t\t<\/div>\n\t\t\t\t<\/div>\n\t\t\t\t<div class=\"elementor-element elementor-element-e2e3bf1 elementor-widget elementor-widget-heading\" data-id=\"e2e3bf1\" data-element_type=\"widget\" data-widget_type=\"heading.default\">\n\t\t\t\t<div class=\"elementor-widget-container\">\n\t\t\t\t\t<h2 class=\"elementor-heading-title elementor-size-default\">\u2714\ufe0f <b>Nd\u00ebrmjet\u00ebsim doganor me p\u00ebrvoj\u00eb <\/b>\u2013 Ekipi yn\u00eb i shpedit\u00ebve t\u00eb licencuar me shum\u00eb vite p\u00ebrvoj\u00eb udh\u00ebheq t\u00eb gjith\u00eb procedur\u00ebn nga doganimi i importit\/eksportit deri te dor\u00ebzimi final.<br><br>\n\u2714\ufe0f <b>Konsulenc\u00eb dhe dokumentacion<\/b> \u2013 Ju ndihmojm\u00eb n\u00eb p\u00ebrgatitjen dhe kontrollin e dokumentacionit t\u00eb plot\u00eb, me qasje individuale p\u00ebr \u00e7do klient.<br><br>\n\u2714\ufe0f <b>Ndjekje e d\u00ebrgesave n\u00eb koh\u00eb reale<\/b> Ju sigurojm\u00eb transparenc\u00eb dhe informacion n\u00eb koh\u00eb p\u00ebr statusin e mallrave tuaja.<br><br>\n\u2714\ufe0f <b>Mb\u00ebshtetje logjistike e plot\u00eb<\/b> \u2013 Nga dera n\u00eb der\u00eb: doganimi, transporti dhe magazinimi \u2013 gjith\u00e7ka n\u00eb nj\u00eb vend.\n<\/h2>\t\t\t\t<\/div>\n\t\t\t\t<\/div>\n\t\t\t\t\t<\/div>\n\t\t\t\t<\/div>\n\t\t<div class=\"elementor-element elementor-element-26c443f e-flex e-con-boxed e-con e-parent\" data-id=\"26c443f\" data-element_type=\"container\" data-settings=\"{&quot;background_background&quot;:&quot;classic&quot;}\">\n\t\t\t\t\t<div class=\"e-con-inner\">\n\t\t\t\t<div class=\"elementor-element elementor-element-6cc3e12 elementor-widget elementor-widget-heading\" data-id=\"6cc3e12\" data-element_type=\"widget\" data-widget_type=\"heading.default\">\n\t\t\t\t<div class=\"elementor-widget-container\">\n\t\t\t\t\t<h2 class=\"elementor-heading-title elementor-size-default\">A e dinit?<\/h2>\t\t\t\t<\/div>\n\t\t\t\t<\/div>\n\t\t\t\t<div class=\"elementor-element elementor-element-7584727 elementor-widget elementor-widget-heading\" data-id=\"7584727\" data-element_type=\"widget\" data-widget_type=\"heading.default\">\n\t\t\t\t<div class=\"elementor-widget-container\">\n\t\t\t\t\t<h2 class=\"elementor-heading-title elementor-size-default\">Fakte interesante p\u00ebr ne<\/h2>\t\t\t\t<\/div>\n\t\t\t\t<\/div>\n\t\t\t\t<div class=\"elementor-element elementor-element-0e85ca2 elementor-widget-divider--view-line elementor-widget elementor-widget-divider\" data-id=\"0e85ca2\" data-element_type=\"widget\" data-widget_type=\"divider.default\">\n\t\t\t\t<div class=\"elementor-widget-container\">\n\t\t\t\t\t\t\t<div class=\"elementor-divider\">\n\t\t\t<span class=\"elementor-divider-separator\">\n\t\t\t\t\t\t<\/span>\n\t\t<\/div>\n\t\t\t\t\t\t<\/div>\n\t\t\t\t<\/div>\n\t\t<div class=\"elementor-element elementor-element-2165890 e-con-full e-flex e-con e-child\" data-id=\"2165890\" data-element_type=\"container\">\n\t\t<div class=\"elementor-element elementor-element-bc95e90 e-con-full e-flex e-con e-child\" data-id=\"bc95e90\" data-element_type=\"container\">\n\t\t\t\t<div class=\"elementor-element elementor-element-142b705 elementor-position-top elementor-widget elementor-widget-image-box\" data-id=\"142b705\" data-element_type=\"widget\" data-widget_type=\"image-box.default\">\n\t\t\t\t<div class=\"elementor-widget-container\">\n\t\t\t\t\t<div class=\"elementor-image-box-wrapper\"><figure class=\"elementor-image-box-img\"><img fetchpriority=\"high\" decoding=\"async\" width=\"414\" height=\"450\" src=\"https:\/\/terimak.com.mk\/wp-content\/uploads\/2025\/04\/Group-554.png\" class=\"attachment-full size-full wp-image-87\" alt=\"\" srcset=\"https:\/\/terimak.com.mk\/wp-content\/uploads\/2025\/04\/Group-554.png 414w, https:\/\/terimak.com.mk\/wp-content\/uploads\/2025\/04\/Group-554-276x300.png 276w\" sizes=\"(max-width: 414px) 100vw, 414px\" \/><\/figure><\/div>\t\t\t\t<\/div>\n\t\t\t\t<\/div>\n\t\t\t\t<div class=\"elementor-element elementor-element-b1f83a8 elementor-absolute counter-1 elementor-widget__width-inherit elementor-widget elementor-widget-heading\" data-id=\"b1f83a8\" data-element_type=\"widget\" data-settings=\"{&quot;_position&quot;:&quot;absolute&quot;}\" data-widget_type=\"heading.default\">\n\t\t\t\t<div class=\"elementor-widget-container\">\n\t\t\t\t\t<h2 class=\"elementor-heading-title elementor-size-default\">1000<\/h2>\t\t\t\t<\/div>\n\t\t\t\t<\/div>\n\t\t\t\t<div class=\"elementor-element elementor-element-d0315f9 elementor-widget__width-inherit elementor-absolute elementor-widget elementor-widget-heading\" data-id=\"d0315f9\" data-element_type=\"widget\" data-settings=\"{&quot;_position&quot;:&quot;absolute&quot;}\" data-widget_type=\"heading.default\">\n\t\t\t\t<div class=\"elementor-widget-container\">\n\t\t\t\t\t<h2 class=\"elementor-heading-title elementor-size-default\">Viti i themelimit<\/h2>\t\t\t\t<\/div>\n\t\t\t\t<\/div>\n\t\t\t\t<\/div>\n\t\t<div class=\"elementor-element elementor-element-3c36d70 e-con-full e-flex e-con e-child\" data-id=\"3c36d70\" data-element_type=\"container\">\n\t\t\t\t<div class=\"elementor-element elementor-element-5c75cea elementor-position-top elementor-widget elementor-widget-image-box\" data-id=\"5c75cea\" data-element_type=\"widget\" data-widget_type=\"image-box.default\">\n\t\t\t\t<div class=\"elementor-widget-container\">\n\t\t\t\t\t<div class=\"elementor-image-box-wrapper\"><figure class=\"elementor-image-box-img\"><img fetchpriority=\"high\" decoding=\"async\" width=\"414\" height=\"450\" src=\"https:\/\/terimak.com.mk\/wp-content\/uploads\/2025\/04\/Group-554.png\" class=\"attachment-full size-full wp-image-87\" alt=\"\" srcset=\"https:\/\/terimak.com.mk\/wp-content\/uploads\/2025\/04\/Group-554.png 414w, https:\/\/terimak.com.mk\/wp-content\/uploads\/2025\/04\/Group-554-276x300.png 276w\" sizes=\"(max-width: 414px) 100vw, 414px\" \/><\/figure><\/div>\t\t\t\t<\/div>\n\t\t\t\t<\/div>\n\t\t\t\t<div class=\"elementor-element elementor-element-3ddf80b elementor-absolute counter-2 elementor-widget__width-inherit elementor-widget elementor-widget-heading\" data-id=\"3ddf80b\" data-element_type=\"widget\" data-settings=\"{&quot;_position&quot;:&quot;absolute&quot;}\" data-widget_type=\"heading.default\">\n\t\t\t\t<div class=\"elementor-widget-container\">\n\t\t\t\t\t<h2 class=\"elementor-heading-title elementor-size-default\">0<\/h2>\t\t\t\t<\/div>\n\t\t\t\t<\/div>\n\t\t\t\t<div class=\"elementor-element elementor-element-670f500 elementor-widget__width-inherit elementor-absolute elementor-widget elementor-widget-heading\" data-id=\"670f500\" data-element_type=\"widget\" data-settings=\"{&quot;_position&quot;:&quot;absolute&quot;}\" data-widget_type=\"heading.default\">\n\t\t\t\t<div class=\"elementor-widget-container\">\n\t\t\t\t\t<h2 class=\"elementor-heading-title elementor-size-default\">Projekte t\u00eb suksesshme<\/h2>\t\t\t\t<\/div>\n\t\t\t\t<\/div>\n\t\t\t\t<\/div>\n\t\t<div class=\"elementor-element elementor-element-1436398 e-con-full e-flex e-con e-child\" data-id=\"1436398\" data-element_type=\"container\">\n\t\t\t\t<div class=\"elementor-element elementor-element-8e45185 elementor-position-top elementor-widget elementor-widget-image-box\" data-id=\"8e45185\" data-element_type=\"widget\" data-widget_type=\"image-box.default\">\n\t\t\t\t<div class=\"elementor-widget-container\">\n\t\t\t\t\t<div class=\"elementor-image-box-wrapper\"><figure class=\"elementor-image-box-img\"><img fetchpriority=\"high\" decoding=\"async\" width=\"414\" height=\"450\" src=\"https:\/\/terimak.com.mk\/wp-content\/uploads\/2025\/04\/Group-554.png\" class=\"attachment-full size-full wp-image-87\" alt=\"\" srcset=\"https:\/\/terimak.com.mk\/wp-content\/uploads\/2025\/04\/Group-554.png 414w, https:\/\/terimak.com.mk\/wp-content\/uploads\/2025\/04\/Group-554-276x300.png 276w\" sizes=\"(max-width: 414px) 100vw, 414px\" \/><\/figure><\/div>\t\t\t\t<\/div>\n\t\t\t\t<\/div>\n\t\t\t\t<div class=\"elementor-element elementor-element-9cd5cc0 elementor-absolute counter-3 elementor-widget__width-inherit elementor-widget elementor-widget-heading\" data-id=\"9cd5cc0\" data-element_type=\"widget\" data-settings=\"{&quot;_position&quot;:&quot;absolute&quot;}\" data-widget_type=\"heading.default\">\n\t\t\t\t<div class=\"elementor-widget-container\">\n\t\t\t\t\t<h2 class=\"elementor-heading-title elementor-size-default\">0<\/h2>\t\t\t\t<\/div>\n\t\t\t\t<\/div>\n\t\t\t\t<div class=\"elementor-element elementor-element-f94cdbd elementor-widget__width-inherit elementor-absolute elementor-widget elementor-widget-heading\" data-id=\"f94cdbd\" data-element_type=\"widget\" data-settings=\"{&quot;_position&quot;:&quot;absolute&quot;}\" data-widget_type=\"heading.default\">\n\t\t\t\t<div class=\"elementor-widget-container\">\n\t\t\t\t\t<h2 class=\"elementor-heading-title elementor-size-default\">Klient\u00eb t\u00eb k\u00ebnaqur<\/h2>\t\t\t\t<\/div>\n\t\t\t\t<\/div>\n\t\t\t\t<\/div>\n\t\t\t\t<\/div>\n\t\t\t\t<div class=\"elementor-element elementor-element-380c1ee elementor-widget elementor-widget-heading\" data-id=\"380c1ee\" data-element_type=\"widget\" data-widget_type=\"heading.default\">\n\t\t\t\t<div class=\"elementor-widget-container\">\n\t\t\t\t\t<h2 class=\"elementor-heading-title elementor-size-default\">Me p\u00ebrvoj\u00eb dhe p\u00ebrkushtim, ofrojm\u00eb profesionaliz\u00ebm t\u00eb shk\u00eblqyer.<\/h2>\t\t\t\t<\/div>\n\t\t\t\t<\/div>\n\t\t\t\t\t<\/div>\n\t\t\t\t<\/div>\n\t\t\t\t<\/div>","protected":false},"excerpt":{"rendered":"<p>\u0414\u043e\u0431\u0440\u0435\u0434\u043e\u0458\u0434\u043e\u0432\u0442\u0435 \u0432\u043e \u0422\u0415\u0420\u0418\u041c\u0410\u041a \u0412\u0430\u0448\u0438\u043e\u0442 \u0434\u043e\u0432\u0435\u0440\u043b\u0438\u0432 \u043f\u0430\u0440\u0442\u043d\u0435\u0440 \u0432\u043e \u0448\u043f\u0435\u0434\u0438\u0446\u0438\u0458\u0430\u0442\u0430! \u041d\u0430\u0448\u0438\u0442\u0435 \u0423\u0441\u043b\u0443\u0433\u0438 \u041a\u0432\u0430\u043b\u0438\u0442\u0435\u0442 \u0438 \u0434\u043e\u0432\u0435\u0440\u0431\u0430 \u0441\u043e \u043d\u0430\u0441! \u0422\u0440\u0430\u043d\u0441\u043f\u043e\u0440\u0442 \u041a\u043b\u0443\u0447\u0435\u043d \u0444\u0430\u043a\u0442\u043e\u0440 \u0437\u0430 \u0441\u0435\u043a\u043e\u0458 \u0438\u043d\u0434\u0443\u0441\u0442\u0440\u0438\u0441\u043a\u0438 \u0443\u0441\u043f\u0435\u0445 \u0435 \u0431\u0440\u0437 \u0438 \u0441\u0438\u0433\u0443\u0440\u0435\u043d \u0442\u0440\u0430\u043d\u0441\u043f\u043e\u0440\u0442 \u043d\u0430 \u043f\u0440\u043e\u0438\u0437\u0432\u043e\u0434\u0438\u0442\u0435 \u0434\u043e \u043a\u0440\u0430\u0458\u043d\u0438\u043e\u0442 \u043a\u043e\u0440\u0438\u0441\u043d\u0438\u043a. \u041d\u0443\u0434\u0438\u043c\u0435 \u0446\u0435\u043b\u043e\u0441\u043d\u0430 \u0442\u0440\u0430\u043d\u0441\u043f\u043e\u0440\u0442\u043d\u0430 \u0443\u0441\u043b\u0443\u0433\u0430 \u043f\u0440\u0435\u043a\u0443 \u0441\u043e\u0440\u0430\u0431\u043e\u0442\u043a\u0430 \u0441\u043e \u0434\u043e\u0432\u0435\u0440\u043b\u0438\u0432\u0430 \u043c\u0440\u0435\u0436\u0430 \u043d\u0430 \u043f\u0430\u0440\u0442\u043d\u0435\u0440\u0438 \u0437\u0430 \u0432\u043e\u0437\u0434\u0443\u0448\u0435\u043d, \u0436\u0435\u043b\u0435\u0437\u043d\u0438\u0447\u043a\u0438 \u0438 \u043a\u0430\u043c\u0438\u043e\u043d\u0441\u043a\u0438 \u043f\u0440\u0435\u0432\u043e\u0437. \u0428\u043f\u0435\u0434\u0438\u0446\u0438\u0458\u0430 \u041d\u0430\u0448\u0438\u043e\u0442 \u0438\u0441\u043a\u0443\u0441\u0435\u043d \u0438 \u043b\u0438\u0446\u0435\u043d\u0446\u0438\u0440\u0430\u043d \u0442\u0438\u043c [&hellip;]<\/p>","protected":false},"author":1,"featured_media":0,"parent":0,"menu_order":0,"comment_status":"closed","ping_status":"closed","template":"","meta":{"footnotes":""},"class_list":["post-25","page","type-page","status-publish","hentry"],"_links":{"self":[{"href":"https:\/\/terimak.com.mk\/sq\/wp-json\/wp\/v2\/pages\/25","targetHints":{"allow":["GET"]}}],"collection":[{"href":"https:\/\/terimak.com.mk\/sq\/wp-json\/wp\/v2\/pages"}],"about":[{"href":"https:\/\/terimak.com.mk\/sq\/wp-json\/wp\/v2\/types\/page"}],"author":[{"embeddable":true,"href":"https:\/\/terimak.com.mk\/sq\/wp-json\/wp\/v2\/users\/1"}],"replies":[{"embeddable":true,"href":"https:\/\/terimak.com.mk\/sq\/wp-json\/wp\/v2\/comments?post=25"}],"version-history":[{"count":247,"href":"https:\/\/terimak.com.mk\/sq\/wp-json\/wp\/v2\/pages\/25\/revisions"}],"predecessor-version":[{"id":534,"href":"https:\/\/terimak.com.mk\/sq\/wp-json\/wp\/v2\/pages\/25\/revisions\/534"}],"wp:attachment":[{"href":"https:\/\/terimak.com.mk\/sq\/wp-json\/wp\/v2\/media?parent=25"}],"curies":[{"name":"wp","href":"https:\/\/api.w.org\/{rel}","templated":true}]}}