{"id":300,"date":"2025-04-24T13:04:44","date_gmt":"2025-04-24T13:04:44","guid":{"rendered":"https:\/\/terimak.com.mk\/?page_id=300"},"modified":"2025-05-09T17:10:00","modified_gmt":"2025-05-09T17:10:00","slug":"transport","status":"publish","type":"page","link":"https:\/\/terimak.com.mk\/sq\/transport\/","title":{"rendered":"Transport"},"content":{"rendered":"<div data-elementor-type=\"wp-page\" data-elementor-id=\"300\" class=\"elementor elementor-300\" data-elementor-post-type=\"page\">\n\t\t\t\t<div class=\"elementor-element elementor-element-4a47070 e-flex e-con-boxed e-con e-parent\" data-id=\"4a47070\" data-element_type=\"container\" data-settings=\"{&quot;background_background&quot;:&quot;classic&quot;}\">\n\t\t\t\t\t<div class=\"e-con-inner\">\n\t\t\t\t<div class=\"elementor-element elementor-element-54ccb28 elementor-widget elementor-widget-heading\" data-id=\"54ccb28\" data-element_type=\"widget\" data-widget_type=\"heading.default\">\n\t\t\t\t<div class=\"elementor-widget-container\">\n\t\t\t\t\t<h2 class=\"elementor-heading-title elementor-size-default\">Transport<\/h2>\t\t\t\t<\/div>\n\t\t\t\t<\/div>\n\t\t\t\t<div class=\"elementor-element elementor-element-eaa39bf elementor-widget-divider--view-line elementor-widget elementor-widget-divider\" data-id=\"eaa39bf\" data-element_type=\"widget\" data-widget_type=\"divider.default\">\n\t\t\t\t<div class=\"elementor-widget-container\">\n\t\t\t\t\t\t\t<div class=\"elementor-divider\">\n\t\t\t<span class=\"elementor-divider-separator\">\n\t\t\t\t\t\t<\/span>\n\t\t<\/div>\n\t\t\t\t\t\t<\/div>\n\t\t\t\t<\/div>\n\t\t\t\t<div class=\"elementor-element elementor-element-ea5709e elementor-widget elementor-widget-heading\" data-id=\"ea5709e\" data-element_type=\"widget\" data-widget_type=\"heading.default\">\n\t\t\t\t<div class=\"elementor-widget-container\">\n\t\t\t\t\t<h2 class=\"elementor-heading-title elementor-size-default\">\u0412\u0440\u0432\u043d\u0430 \u0441\u0438\u0433\u0443\u0440\u043d\u043e\u0441\u0442 \u0441\u043e \u043d\u0430\u0441!<\/h2>\t\t\t\t<\/div>\n\t\t\t\t<\/div>\n\t\t\t\t\t<\/div>\n\t\t\t\t<\/div>\n\t\t<div class=\"elementor-element elementor-element-f5eeb84 e-flex e-con-boxed e-con e-parent\" data-id=\"f5eeb84\" data-element_type=\"container\" data-settings=\"{&quot;background_background&quot;:&quot;classic&quot;}\">\n\t\t\t\t\t<div class=\"e-con-inner\">\n\t\t\t\t<div class=\"elementor-element elementor-element-faa6751 elementor-widget elementor-widget-heading\" data-id=\"faa6751\" data-element_type=\"widget\" data-widget_type=\"heading.default\">\n\t\t\t\t<div class=\"elementor-widget-container\">\n\t\t\t\t\t<h2 class=\"elementor-heading-title elementor-size-default\">Transport i shk\u00eblqyer me Terimak!<\/h2>\t\t\t\t<\/div>\n\t\t\t\t<\/div>\n\t\t\t\t<div class=\"elementor-element elementor-element-c90c738 elementor-widget elementor-widget-heading\" data-id=\"c90c738\" data-element_type=\"widget\" data-widget_type=\"heading.default\">\n\t\t\t\t<div class=\"elementor-widget-container\">\n\t\t\t\t\t<h2 class=\"elementor-heading-title elementor-size-default\">Transporti i shpejt\u00eb dhe i sigurt deri tek bler\u00ebsi i fundit \u00ebsht\u00eb baza e suksesit n\u00eb \u00e7do industri.<br>\nN\u00eb Terimak, ne mund\u00ebsojm\u00eb  <b> zgjidhje t\u00eb plota transporti  <\/b> n\u00ebp\u00ebrmjet rrjetit ton\u00eb t\u00eb gjer\u00eb<br>\nrrjet i partner\u00ebve t\u00eb verifikuar p\u00ebr  <b> transport ajror, hekurudhor dhe me kamion\u00eb <\/b> .<br>\nD\u00ebrgesat i ndjekim n\u00eb koh\u00eb reale, dhe i realizojm\u00eb dor\u00ebzimet me sakt\u00ebsi dhe<br>\nt\u00eb sigurt, gjithmon\u00eb n\u00eb koh\u00eb \u2013 kudo q\u00eb ndodhet destinacioni juaj.<\/h2>\t\t\t\t<\/div>\n\t\t\t\t<\/div>\n\t\t\t\t<div class=\"elementor-element elementor-element-25ffd82 elementor-widget-divider--view-line elementor-widget elementor-widget-divider\" data-id=\"25ffd82\" data-element_type=\"widget\" data-widget_type=\"divider.default\">\n\t\t\t\t<div class=\"elementor-widget-container\">\n\t\t\t\t\t\t\t<div class=\"elementor-divider\">\n\t\t\t<span class=\"elementor-divider-separator\">\n\t\t\t\t\t\t<\/span>\n\t\t<\/div>\n\t\t\t\t\t\t<\/div>\n\t\t\t\t<\/div>\n\t\t<div class=\"elementor-element elementor-element-9908ece e-con-full e-flex e-con e-child\" data-id=\"9908ece\" data-element_type=\"container\">\n\t\t<div class=\"elementor-element elementor-element-5f5ae7c e-con-full e-flex e-con e-child\" data-id=\"5f5ae7c\" data-element_type=\"container\">\n\t\t\t\t<div class=\"elementor-element elementor-element-c9a30c1 elementor-widget__width-inherit elementor-widget elementor-widget-image\" data-id=\"c9a30c1\" data-element_type=\"widget\" data-widget_type=\"image.default\">\n\t\t\t\t<div class=\"elementor-widget-container\">\n\t\t\t\t\t\t\t\t\t\t\t\t\t\t\t<img fetchpriority=\"high\" decoding=\"async\" width=\"605\" height=\"410\" src=\"https:\/\/terimak.com.mk\/wp-content\/uploads\/2025\/04\/blank-cargo-truck-road-1.png\" class=\"attachment-large size-large wp-image-302\" alt=\"\" srcset=\"https:\/\/terimak.com.mk\/wp-content\/uploads\/2025\/04\/blank-cargo-truck-road-1.png 605w, https:\/\/terimak.com.mk\/wp-content\/uploads\/2025\/04\/blank-cargo-truck-road-1-300x203.png 300w\" sizes=\"(max-width: 605px) 100vw, 605px\" \/>\t\t\t\t\t\t\t\t\t\t\t\t\t\t\t<\/div>\n\t\t\t\t<\/div>\n\t\t\t\t<\/div>\n\t\t<div class=\"elementor-element elementor-element-74020dc e-con-full e-flex e-con e-child\" data-id=\"74020dc\" data-element_type=\"container\">\n\t\t\t\t<div class=\"elementor-element elementor-element-b25d921 elementor-position-left elementor-widget-mobile__width-inherit elementor-mobile-position-left elementor-view-default elementor-widget elementor-widget-icon-box\" data-id=\"b25d921\" data-element_type=\"widget\" data-widget_type=\"icon-box.default\">\n\t\t\t\t<div class=\"elementor-widget-container\">\n\t\t\t\t\t\t\t<div class=\"elementor-icon-box-wrapper\">\n\n\t\t\t\t\t\t<div class=\"elementor-icon-box-icon\">\n\t\t\t\t<span  class=\"elementor-icon\">\n\t\t\t\t<svg aria-hidden=\"true\" class=\"e-font-icon-svg e-fas-check\" viewbox=\"0 0 512 512\" xmlns=\"http:\/\/www.w3.org\/2000\/svg\"><path d=\"M173.898 439.404l-166.4-166.4c-9.997-9.997-9.997-26.206 0-36.204l36.203-36.204c9.997-9.998 26.207-9.998 36.204 0L192 312.69 432.095 72.596c9.997-9.997 26.207-9.997 36.204 0l36.203 36.204c9.997 9.997 9.997 26.206 0 36.204l-294.4 294.401c-9.998 9.997-26.207 9.997-36.204-.001z\"><\/path><\/svg>\t\t\t\t<\/span>\n\t\t\t<\/div>\n\t\t\t\n\t\t\t\t\t\t<div class=\"elementor-icon-box-content\">\n\n\t\t\t\t\t\t\t\t\t<h3 class=\"elementor-icon-box-title\">\n\t\t\t\t\t\t<span  >\n\t\t\t\t\t\t\tTransport kamioni\t\t\t\t\t\t<\/span>\n\t\t\t\t\t<\/h3>\n\t\t\t\t\n\t\t\t\t\n\t\t\t<\/div>\n\t\t\t\n\t\t<\/div>\n\t\t\t\t\t\t<\/div>\n\t\t\t\t<\/div>\n\t\t\t\t<div class=\"elementor-element elementor-element-8a30189 elementor-position-left elementor-widget-mobile__width-inherit elementor-mobile-position-left elementor-view-default elementor-widget elementor-widget-icon-box\" data-id=\"8a30189\" data-element_type=\"widget\" data-widget_type=\"icon-box.default\">\n\t\t\t\t<div class=\"elementor-widget-container\">\n\t\t\t\t\t\t\t<div class=\"elementor-icon-box-wrapper\">\n\n\t\t\t\t\t\t<div class=\"elementor-icon-box-icon\">\n\t\t\t\t<span  class=\"elementor-icon\">\n\t\t\t\t<svg aria-hidden=\"true\" class=\"e-font-icon-svg e-fas-check\" viewbox=\"0 0 512 512\" xmlns=\"http:\/\/www.w3.org\/2000\/svg\"><path d=\"M173.898 439.404l-166.4-166.4c-9.997-9.997-9.997-26.206 0-36.204l36.203-36.204c9.997-9.998 26.207-9.998 36.204 0L192 312.69 432.095 72.596c9.997-9.997 26.207-9.997 36.204 0l36.203 36.204c9.997 9.997 9.997 26.206 0 36.204l-294.4 294.401c-9.998 9.997-26.207 9.997-36.204-.001z\"><\/path><\/svg>\t\t\t\t<\/span>\n\t\t\t<\/div>\n\t\t\t\n\t\t\t\t\t\t<div class=\"elementor-icon-box-content\">\n\n\t\t\t\t\t\t\t\t\t<h3 class=\"elementor-icon-box-title\">\n\t\t\t\t\t\t<span  >\n\t\t\t\t\t\t\tTransport hekurudhor \t\t\t\t\t\t<\/span>\n\t\t\t\t\t<\/h3>\n\t\t\t\t\n\t\t\t\t\n\t\t\t<\/div>\n\t\t\t\n\t\t<\/div>\n\t\t\t\t\t\t<\/div>\n\t\t\t\t<\/div>\n\t\t\t\t<div class=\"elementor-element elementor-element-308ed81 elementor-position-left elementor-widget-mobile__width-inherit elementor-mobile-position-left elementor-view-default elementor-widget elementor-widget-icon-box\" data-id=\"308ed81\" data-element_type=\"widget\" data-widget_type=\"icon-box.default\">\n\t\t\t\t<div class=\"elementor-widget-container\">\n\t\t\t\t\t\t\t<div class=\"elementor-icon-box-wrapper\">\n\n\t\t\t\t\t\t<div class=\"elementor-icon-box-icon\">\n\t\t\t\t<span  class=\"elementor-icon\">\n\t\t\t\t<svg aria-hidden=\"true\" class=\"e-font-icon-svg e-fas-check\" viewbox=\"0 0 512 512\" xmlns=\"http:\/\/www.w3.org\/2000\/svg\"><path d=\"M173.898 439.404l-166.4-166.4c-9.997-9.997-9.997-26.206 0-36.204l36.203-36.204c9.997-9.998 26.207-9.998 36.204 0L192 312.69 432.095 72.596c9.997-9.997 26.207-9.997 36.204 0l36.203 36.204c9.997 9.997 9.997 26.206 0 36.204l-294.4 294.401c-9.998 9.997-26.207 9.997-36.204-.001z\"><\/path><\/svg>\t\t\t\t<\/span>\n\t\t\t<\/div>\n\t\t\t\n\t\t\t\t\t\t<div class=\"elementor-icon-box-content\">\n\n\t\t\t\t\t\t\t\t\t<h3 class=\"elementor-icon-box-title\">\n\t\t\t\t\t\t<span  >\n\t\t\t\t\t\t\tTransport ajror i d\u00ebrgesave cargo\t\t\t\t\t\t<\/span>\n\t\t\t\t\t<\/h3>\n\t\t\t\t\n\t\t\t\t\n\t\t\t<\/div>\n\t\t\t\n\t\t<\/div>\n\t\t\t\t\t\t<\/div>\n\t\t\t\t<\/div>\n\t\t\t\t<\/div>\n\t\t\t\t<\/div>\n\t\t<div class=\"elementor-element elementor-element-f996da8 e-con-full e-flex e-con e-child\" data-id=\"f996da8\" data-element_type=\"container\">\n\t\t<div class=\"elementor-element elementor-element-24ca7dd e-con-full e-flex e-con e-child\" data-id=\"24ca7dd\" data-element_type=\"container\">\n\t\t\t\t<div class=\"elementor-element elementor-element-f8cca44 elementor-position-left elementor-widget-mobile__width-inherit elementor-mobile-position-left elementor-view-default elementor-widget elementor-widget-icon-box\" data-id=\"f8cca44\" data-element_type=\"widget\" data-widget_type=\"icon-box.default\">\n\t\t\t\t<div class=\"elementor-widget-container\">\n\t\t\t\t\t\t\t<div class=\"elementor-icon-box-wrapper\">\n\n\t\t\t\t\t\t<div class=\"elementor-icon-box-icon\">\n\t\t\t\t<span  class=\"elementor-icon\">\n\t\t\t\t<svg aria-hidden=\"true\" class=\"e-font-icon-svg e-fas-check\" viewbox=\"0 0 512 512\" xmlns=\"http:\/\/www.w3.org\/2000\/svg\"><path d=\"M173.898 439.404l-166.4-166.4c-9.997-9.997-9.997-26.206 0-36.204l36.203-36.204c9.997-9.998 26.207-9.998 36.204 0L192 312.69 432.095 72.596c9.997-9.997 26.207-9.997 36.204 0l36.203 36.204c9.997 9.997 9.997 26.206 0 36.204l-294.4 294.401c-9.998 9.997-26.207 9.997-36.204-.001z\"><\/path><\/svg>\t\t\t\t<\/span>\n\t\t\t<\/div>\n\t\t\t\n\t\t\t\t\t\t<div class=\"elementor-icon-box-content\">\n\n\t\t\t\t\t\t\t\t\t<h3 class=\"elementor-icon-box-title\">\n\t\t\t\t\t\t<span  >\n\t\t\t\t\t\t\tTransport i kombinuar multimodal\t\t\t\t\t\t<\/span>\n\t\t\t\t\t<\/h3>\n\t\t\t\t\n\t\t\t\t\n\t\t\t<\/div>\n\t\t\t\n\t\t<\/div>\n\t\t\t\t\t\t<\/div>\n\t\t\t\t<\/div>\n\t\t\t\t<div class=\"elementor-element elementor-element-d433be1 elementor-position-left elementor-widget-mobile__width-inherit elementor-mobile-position-left elementor-view-default elementor-widget elementor-widget-icon-box\" data-id=\"d433be1\" data-element_type=\"widget\" data-widget_type=\"icon-box.default\">\n\t\t\t\t<div class=\"elementor-widget-container\">\n\t\t\t\t\t\t\t<div class=\"elementor-icon-box-wrapper\">\n\n\t\t\t\t\t\t<div class=\"elementor-icon-box-icon\">\n\t\t\t\t<span  class=\"elementor-icon\">\n\t\t\t\t<svg aria-hidden=\"true\" class=\"e-font-icon-svg e-fas-check\" viewbox=\"0 0 512 512\" xmlns=\"http:\/\/www.w3.org\/2000\/svg\"><path d=\"M173.898 439.404l-166.4-166.4c-9.997-9.997-9.997-26.206 0-36.204l36.203-36.204c9.997-9.998 26.207-9.998 36.204 0L192 312.69 432.095 72.596c9.997-9.997 26.207-9.997 36.204 0l36.203 36.204c9.997 9.997 9.997 26.206 0 36.204l-294.4 294.401c-9.998 9.997-26.207 9.997-36.204-.001z\"><\/path><\/svg>\t\t\t\t<\/span>\n\t\t\t<\/div>\n\t\t\t\n\t\t\t\t\t\t<div class=\"elementor-icon-box-content\">\n\n\t\t\t\t\t\t\t\t\t<h3 class=\"elementor-icon-box-title\">\n\t\t\t\t\t\t<span  >\n\t\t\t\t\t\t\tNdjekje e d\u00ebrgesave n\u00eb koh\u00eb reale\t\t\t\t\t\t<\/span>\n\t\t\t\t\t<\/h3>\n\t\t\t\t\n\t\t\t\t\n\t\t\t<\/div>\n\t\t\t\n\t\t<\/div>\n\t\t\t\t\t\t<\/div>\n\t\t\t\t<\/div>\n\t\t\t\t<div class=\"elementor-element elementor-element-fb1e5ba elementor-position-left elementor-widget-mobile__width-inherit elementor-mobile-position-left elementor-view-default elementor-widget elementor-widget-icon-box\" data-id=\"fb1e5ba\" data-element_type=\"widget\" data-widget_type=\"icon-box.default\">\n\t\t\t\t<div class=\"elementor-widget-container\">\n\t\t\t\t\t\t\t<div class=\"elementor-icon-box-wrapper\">\n\n\t\t\t\t\t\t<div class=\"elementor-icon-box-icon\">\n\t\t\t\t<span  class=\"elementor-icon\">\n\t\t\t\t<svg aria-hidden=\"true\" class=\"e-font-icon-svg e-fas-check\" viewbox=\"0 0 512 512\" xmlns=\"http:\/\/www.w3.org\/2000\/svg\"><path d=\"M173.898 439.404l-166.4-166.4c-9.997-9.997-9.997-26.206 0-36.204l36.203-36.204c9.997-9.998 26.207-9.998 36.204 0L192 312.69 432.095 72.596c9.997-9.997 26.207-9.997 36.204 0l36.203 36.204c9.997 9.997 9.997 26.206 0 36.204l-294.4 294.401c-9.998 9.997-26.207 9.997-36.204-.001z\"><\/path><\/svg>\t\t\t\t<\/span>\n\t\t\t<\/div>\n\t\t\t\n\t\t\t\t\t\t<div class=\"elementor-icon-box-content\">\n\n\t\t\t\t\t\t\t\t\t<h3 class=\"elementor-icon-box-title\">\n\t\t\t\t\t\t<span  >\n\t\t\t\t\t\t\tDor\u00ebzim n\u00eb koh\u00eb dhe t\u00eb sigurt\t\t\t\t\t\t<\/span>\n\t\t\t\t\t<\/h3>\n\t\t\t\t\n\t\t\t\t\n\t\t\t<\/div>\n\t\t\t\n\t\t<\/div>\n\t\t\t\t\t\t<\/div>\n\t\t\t\t<\/div>\n\t\t\t\t<\/div>\n\t\t<div class=\"elementor-element elementor-element-6d1ca28 e-con-full e-flex e-con e-child\" data-id=\"6d1ca28\" data-element_type=\"container\">\n\t\t\t\t<div class=\"elementor-element elementor-element-07a76d2 elementor-widget elementor-widget-image\" data-id=\"07a76d2\" data-element_type=\"widget\" data-widget_type=\"image.default\">\n\t\t\t\t<div class=\"elementor-widget-container\">\n\t\t\t\t\t\t\t\t\t\t\t\t\t\t\t<img decoding=\"async\" width=\"628\" height=\"380\" src=\"https:\/\/terimak.com.mk\/wp-content\/uploads\/2025\/04\/blank-cargo-truck-road-2.png\" class=\"attachment-large size-large wp-image-303\" alt=\"\" srcset=\"https:\/\/terimak.com.mk\/wp-content\/uploads\/2025\/04\/blank-cargo-truck-road-2.png 628w, https:\/\/terimak.com.mk\/wp-content\/uploads\/2025\/04\/blank-cargo-truck-road-2-300x182.png 300w\" sizes=\"(max-width: 628px) 100vw, 628px\" \/>\t\t\t\t\t\t\t\t\t\t\t\t\t\t\t<\/div>\n\t\t\t\t<\/div>\n\t\t\t\t<\/div>\n\t\t\t\t<\/div>\n\t\t\t\t\t<\/div>\n\t\t\t\t<\/div>\n\t\t\t\t<\/div>","protected":false},"excerpt":{"rendered":"<p>\u0422\u0440\u0430\u043d\u0441\u043f\u043e\u0440\u0442 \u0412\u0440\u0432\u043d\u0430 \u0441\u0438\u0433\u0443\u0440\u043d\u043e\u0441\u0442 \u0441\u043e \u043d\u0430\u0441! \u0412\u0440\u0432\u0435\u043d \u0442\u0440\u0430\u043d\u0441\u043f\u043e\u0440\u0442 \u0441\u043e \u0422\u0435\u0440\u0438\u043c\u0430\u043a! \u0411\u0440\u0437\u0438\u043e\u0442 \u0438 \u0441\u0438\u0433\u0443\u0440\u0435\u043d \u0442\u0440\u0430\u043d\u0441\u043f\u043e\u0440\u0442 \u0434\u043e \u043a\u0440\u0430\u0458\u043d\u0438\u043e\u0442 \u043a\u0443\u043f\u0443\u0432\u0430\u0447 \u0435 \u043e\u0441\u043d\u043e\u0432\u0430 \u0437\u0430 \u0443\u0441\u043f\u0435\u0445 \u0432\u043e \u0441\u0435\u043a\u043e\u0458\u0430 \u0438\u043d\u0434\u0443\u0441\u0442\u0440\u0438\u0458\u0430. \u0412\u043e \u0422\u0435\u0440\u0438\u043c\u0430\u043a, \u043e\u0432\u043e\u0437\u043c\u043e\u0436\u0443\u0432\u0430\u043c\u0435 \u043a\u043e\u043c\u043f\u043b\u0435\u0442\u043d\u0438 \u0442\u0440\u0430\u043d\u0441\u043f\u043e\u0440\u0442\u043d\u0438 \u0440\u0435\u0448\u0435\u043d\u0438\u0458\u0430 \u043f\u0440\u0435\u043a\u0443 \u043d\u0430\u0448\u0430\u0442\u0430 \u0448\u0438\u0440\u043e\u043a\u0430 \u043c\u0440\u0435\u0436\u0430 \u043d\u0430 \u043f\u0440\u043e\u0432\u0435\u0440\u0435\u043d\u0438 \u043f\u0430\u0440\u0442\u043d\u0435\u0440\u0438 \u0437\u0430 \u0430\u0432\u0438\u043e\u043d\u0441\u043a\u0438, \u0436\u0435\u043b\u0435\u0437\u043d\u0438\u0447\u043a\u0438 \u0438 \u043a\u0430\u043c\u0438\u043e\u043d\u0441\u043a\u0438 \u043f\u0440\u0435\u0432\u043e\u0437 . \u041f\u0440\u0430\u0442\u043a\u0438\u0442\u0435 \u0433\u0438 \u0441\u043b\u0435\u0434\u0438\u043c\u0435 \u0432\u043e \u0440\u0435\u0430\u043b\u043d\u043e \u0432\u0440\u0435\u043c\u0435, \u0430 \u0438\u0441\u043f\u043e\u0440\u0430\u043a\u0438\u0442\u0435 \u0433\u0438 \u0438\u0437\u0432\u0440\u0448\u0443\u0432\u0430\u043c\u0435 \u0442\u043e\u0447\u043d\u043e \u0438 [&hellip;]<\/p>","protected":false},"author":1,"featured_media":0,"parent":0,"menu_order":0,"comment_status":"closed","ping_status":"closed","template":"","meta":{"footnotes":""},"class_list":["post-300","page","type-page","status-publish","hentry"],"_links":{"self":[{"href":"https:\/\/terimak.com.mk\/sq\/wp-json\/wp\/v2\/pages\/300","targetHints":{"allow":["GET"]}}],"collection":[{"href":"https:\/\/terimak.com.mk\/sq\/wp-json\/wp\/v2\/pages"}],"about":[{"href":"https:\/\/terimak.com.mk\/sq\/wp-json\/wp\/v2\/types\/page"}],"author":[{"embeddable":true,"href":"https:\/\/terimak.com.mk\/sq\/wp-json\/wp\/v2\/users\/1"}],"replies":[{"embeddable":true,"href":"https:\/\/terimak.com.mk\/sq\/wp-json\/wp\/v2\/comments?post=300"}],"version-history":[{"count":46,"href":"https:\/\/terimak.com.mk\/sq\/wp-json\/wp\/v2\/pages\/300\/revisions"}],"predecessor-version":[{"id":561,"href":"https:\/\/terimak.com.mk\/sq\/wp-json\/wp\/v2\/pages\/300\/revisions\/561"}],"wp:attachment":[{"href":"https:\/\/terimak.com.mk\/sq\/wp-json\/wp\/v2\/media?parent=300"}],"curies":[{"name":"wp","href":"https:\/\/api.w.org\/{rel}","templated":true}]}}