{"id":335,"date":"2025-04-24T13:28:10","date_gmt":"2025-04-24T13:28:10","guid":{"rendered":"https:\/\/terimak.com.mk\/?page_id=335"},"modified":"2025-05-09T17:09:40","modified_gmt":"2025-05-09T17:09:40","slug":"spedicija","status":"publish","type":"page","link":"https:\/\/terimak.com.mk\/sq\/spedicija\/","title":{"rendered":"Spedicion"},"content":{"rendered":"<div data-elementor-type=\"wp-page\" data-elementor-id=\"335\" class=\"elementor elementor-335\" data-elementor-post-type=\"page\">\n\t\t\t\t<div class=\"elementor-element elementor-element-4a47070 e-flex e-con-boxed e-con e-parent\" data-id=\"4a47070\" data-element_type=\"container\" data-settings=\"{&quot;background_background&quot;:&quot;classic&quot;}\">\n\t\t\t\t\t<div class=\"e-con-inner\">\n\t\t\t\t<div class=\"elementor-element elementor-element-54ccb28 elementor-widget elementor-widget-heading\" data-id=\"54ccb28\" data-element_type=\"widget\" data-widget_type=\"heading.default\">\n\t\t\t\t<div class=\"elementor-widget-container\">\n\t\t\t\t\t<h2 class=\"elementor-heading-title elementor-size-default\">Spedicion<\/h2>\t\t\t\t<\/div>\n\t\t\t\t<\/div>\n\t\t\t\t<div class=\"elementor-element elementor-element-eaa39bf elementor-widget-divider--view-line elementor-widget elementor-widget-divider\" data-id=\"eaa39bf\" data-element_type=\"widget\" data-widget_type=\"divider.default\">\n\t\t\t\t<div class=\"elementor-widget-container\">\n\t\t\t\t\t\t\t<div class=\"elementor-divider\">\n\t\t\t<span class=\"elementor-divider-separator\">\n\t\t\t\t\t\t<\/span>\n\t\t<\/div>\n\t\t\t\t\t\t<\/div>\n\t\t\t\t<\/div>\n\t\t\t\t<div class=\"elementor-element elementor-element-ea5709e elementor-widget elementor-widget-heading\" data-id=\"ea5709e\" data-element_type=\"widget\" data-widget_type=\"heading.default\">\n\t\t\t\t<div class=\"elementor-widget-container\">\n\t\t\t\t\t<h2 class=\"elementor-heading-title elementor-size-default\">N\u00eb koh\u00eb, Shpejt, Cil\u00ebsor!<\/h2>\t\t\t\t<\/div>\n\t\t\t\t<\/div>\n\t\t\t\t\t<\/div>\n\t\t\t\t<\/div>\n\t\t<div class=\"elementor-element elementor-element-fdcdf89 e-flex e-con-boxed e-con e-parent\" data-id=\"fdcdf89\" data-element_type=\"container\" data-settings=\"{&quot;background_background&quot;:&quot;classic&quot;}\">\n\t\t\t\t\t<div class=\"e-con-inner\">\n\t\t\t\t<div class=\"elementor-element elementor-element-3f4dc4d elementor-widget elementor-widget-heading\" data-id=\"3f4dc4d\" data-element_type=\"widget\" data-widget_type=\"heading.default\">\n\t\t\t\t<div class=\"elementor-widget-container\">\n\t\t\t\t\t<h2 class=\"elementor-heading-title elementor-size-default\">\u00c7far\u00eb ofrojm\u00eb ne...<\/h2>\t\t\t\t<\/div>\n\t\t\t\t<\/div>\n\t\t\t\t<div class=\"elementor-element elementor-element-76671c6 elementor-widget elementor-widget-heading\" data-id=\"76671c6\" data-element_type=\"widget\" data-widget_type=\"heading.default\">\n\t\t\t\t<div class=\"elementor-widget-container\">\n\t\t\t\t\t<h2 class=\"elementor-heading-title elementor-size-default\">Veprimtaria jon\u00eb \u00ebsht\u00eb e fokusuar n\u00eb<b> zgjidhje t\u00eb shpejta, t\u00eb sigurta dhe ekonomike <\/b>p\u00ebr t\u00eb gjitha nevojat tuaja logjistike.<br>\nTerimak disponon nj\u00eb ekip t\u00eb kualifikuar dhe p\u00ebrvoj\u00eb shum\u00ebvje\u00e7are n\u00eb fush\u00ebn e nd\u00ebrmjet\u00ebsimit doganor,<br> duke mund\u00ebsuar <b>p\u00ebrpunim efikas dhe n\u00eb koh\u00eb i dokumentacionit<\/b>, duke shmangur<br> vonesa dhe kosto shtes\u00eb t\u00eb panevojshme.<\/h2>\t\t\t\t<\/div>\n\t\t\t\t<\/div>\n\t\t\t\t<div class=\"elementor-element elementor-element-bcdc0ea elementor-widget-divider--view-line elementor-widget elementor-widget-divider\" data-id=\"bcdc0ea\" data-element_type=\"widget\" data-widget_type=\"divider.default\">\n\t\t\t\t<div class=\"elementor-widget-container\">\n\t\t\t\t\t\t\t<div class=\"elementor-divider\">\n\t\t\t<span class=\"elementor-divider-separator\">\n\t\t\t\t\t\t<\/span>\n\t\t<\/div>\n\t\t\t\t\t\t<\/div>\n\t\t\t\t<\/div>\n\t\t<div class=\"elementor-element elementor-element-1114778 e-con-full e-flex e-con e-child\" data-id=\"1114778\" data-element_type=\"container\">\n\t\t<div class=\"elementor-element elementor-element-6caf8b7 e-con-full e-flex e-con e-child\" data-id=\"6caf8b7\" data-element_type=\"container\">\n\t\t\t\t<div class=\"elementor-element elementor-element-0c520f7 elementor-widget__width-inherit elementor-widget elementor-widget-image\" data-id=\"0c520f7\" data-element_type=\"widget\" data-widget_type=\"image.default\">\n\t\t\t\t<div class=\"elementor-widget-container\">\n\t\t\t\t\t\t\t\t\t\t\t\t\t\t\t<img fetchpriority=\"high\" decoding=\"async\" width=\"605\" height=\"410\" src=\"https:\/\/terimak.com.mk\/wp-content\/uploads\/2025\/04\/truck-driver-inspecting-truck-long-vehicle-before-driving.png\" class=\"attachment-large size-large wp-image-339\" alt=\"\" srcset=\"https:\/\/terimak.com.mk\/wp-content\/uploads\/2025\/04\/truck-driver-inspecting-truck-long-vehicle-before-driving.png 605w, https:\/\/terimak.com.mk\/wp-content\/uploads\/2025\/04\/truck-driver-inspecting-truck-long-vehicle-before-driving-300x203.png 300w\" sizes=\"(max-width: 605px) 100vw, 605px\" \/>\t\t\t\t\t\t\t\t\t\t\t\t\t\t\t<\/div>\n\t\t\t\t<\/div>\n\t\t\t\t<\/div>\n\t\t<div class=\"elementor-element elementor-element-fe3e38a e-con-full e-flex e-con e-child\" data-id=\"fe3e38a\" data-element_type=\"container\">\n\t\t\t\t<div class=\"elementor-element elementor-element-39e8d1d elementor-position-left elementor-widget-mobile__width-inherit elementor-mobile-position-left elementor-view-default elementor-widget elementor-widget-icon-box\" data-id=\"39e8d1d\" data-element_type=\"widget\" data-widget_type=\"icon-box.default\">\n\t\t\t\t<div class=\"elementor-widget-container\">\n\t\t\t\t\t\t\t<div class=\"elementor-icon-box-wrapper\">\n\n\t\t\t\t\t\t<div class=\"elementor-icon-box-icon\">\n\t\t\t\t<span  class=\"elementor-icon\">\n\t\t\t\t<svg aria-hidden=\"true\" class=\"e-font-icon-svg e-fas-check\" viewbox=\"0 0 512 512\" xmlns=\"http:\/\/www.w3.org\/2000\/svg\"><path d=\"M173.898 439.404l-166.4-166.4c-9.997-9.997-9.997-26.206 0-36.204l36.203-36.204c9.997-9.998 26.207-9.998 36.204 0L192 312.69 432.095 72.596c9.997-9.997 26.207-9.997 36.204 0l36.203 36.204c9.997 9.997 9.997 26.206 0 36.204l-294.4 294.401c-9.998 9.997-26.207 9.997-36.204-.001z\"><\/path><\/svg>\t\t\t\t<\/span>\n\t\t\t<\/div>\n\t\t\t\n\t\t\t\t\t\t<div class=\"elementor-icon-box-content\">\n\n\t\t\t\t\t\t\t\t\t<h3 class=\"elementor-icon-box-title\">\n\t\t\t\t\t\t<span  >\n\t\t\t\t\t\t\tNd\u00ebrmjet\u00ebsim doganor i mallrave\t\t\t\t\t\t<\/span>\n\t\t\t\t\t<\/h3>\n\t\t\t\t\n\t\t\t\t\n\t\t\t<\/div>\n\t\t\t\n\t\t<\/div>\n\t\t\t\t\t\t<\/div>\n\t\t\t\t<\/div>\n\t\t\t\t<div class=\"elementor-element elementor-element-6cf27ff elementor-position-left elementor-widget-mobile__width-inherit elementor-mobile-position-left elementor-view-default elementor-widget elementor-widget-icon-box\" data-id=\"6cf27ff\" data-element_type=\"widget\" data-widget_type=\"icon-box.default\">\n\t\t\t\t<div class=\"elementor-widget-container\">\n\t\t\t\t\t\t\t<div class=\"elementor-icon-box-wrapper\">\n\n\t\t\t\t\t\t<div class=\"elementor-icon-box-icon\">\n\t\t\t\t<span  class=\"elementor-icon\">\n\t\t\t\t<svg aria-hidden=\"true\" class=\"e-font-icon-svg e-fas-check\" viewbox=\"0 0 512 512\" xmlns=\"http:\/\/www.w3.org\/2000\/svg\"><path d=\"M173.898 439.404l-166.4-166.4c-9.997-9.997-9.997-26.206 0-36.204l36.203-36.204c9.997-9.998 26.207-9.998 36.204 0L192 312.69 432.095 72.596c9.997-9.997 26.207-9.997 36.204 0l36.203 36.204c9.997 9.997 9.997 26.206 0 36.204l-294.4 294.401c-9.998 9.997-26.207 9.997-36.204-.001z\"><\/path><\/svg>\t\t\t\t<\/span>\n\t\t\t<\/div>\n\t\t\t\n\t\t\t\t\t\t<div class=\"elementor-icon-box-content\">\n\n\t\t\t\t\t\t\t\t\t<h3 class=\"elementor-icon-box-title\">\n\t\t\t\t\t\t<span  >\n\t\t\t\t\t\t\tSh\u00ebrbime t\u00eb lidhura me tranzitin e mallrave p\u00ebrmes vendit\t\t\t\t\t\t<\/span>\n\t\t\t\t\t<\/h3>\n\t\t\t\t\n\t\t\t\t\n\t\t\t<\/div>\n\t\t\t\n\t\t<\/div>\n\t\t\t\t\t\t<\/div>\n\t\t\t\t<\/div>\n\t\t\t\t<div class=\"elementor-element elementor-element-88243ba elementor-position-left elementor-widget-mobile__width-inherit elementor-mobile-position-left elementor-view-default elementor-widget elementor-widget-icon-box\" data-id=\"88243ba\" data-element_type=\"widget\" data-widget_type=\"icon-box.default\">\n\t\t\t\t<div class=\"elementor-widget-container\">\n\t\t\t\t\t\t\t<div class=\"elementor-icon-box-wrapper\">\n\n\t\t\t\t\t\t<div class=\"elementor-icon-box-icon\">\n\t\t\t\t<span  class=\"elementor-icon\">\n\t\t\t\t<svg aria-hidden=\"true\" class=\"e-font-icon-svg e-fas-check\" viewbox=\"0 0 512 512\" xmlns=\"http:\/\/www.w3.org\/2000\/svg\"><path d=\"M173.898 439.404l-166.4-166.4c-9.997-9.997-9.997-26.206 0-36.204l36.203-36.204c9.997-9.998 26.207-9.998 36.204 0L192 312.69 432.095 72.596c9.997-9.997 26.207-9.997 36.204 0l36.203 36.204c9.997 9.997 9.997 26.206 0 36.204l-294.4 294.401c-9.998 9.997-26.207 9.997-36.204-.001z\"><\/path><\/svg>\t\t\t\t<\/span>\n\t\t\t<\/div>\n\t\t\t\n\t\t\t\t\t\t<div class=\"elementor-icon-box-content\">\n\n\t\t\t\t\t\t\t\t\t<h3 class=\"elementor-icon-box-title\">\n\t\t\t\t\t\t<span  >\n\t\t\t\t\t\t\tOrganizimi i transportit nd\u00ebrkomb\u00ebtar drejt dhe nga destinacionet evropiane\t\t\t\t\t\t<\/span>\n\t\t\t\t\t<\/h3>\n\t\t\t\t\n\t\t\t\t\n\t\t\t<\/div>\n\t\t\t\n\t\t<\/div>\n\t\t\t\t\t\t<\/div>\n\t\t\t\t<\/div>\n\t\t\t\t<\/div>\n\t\t\t\t<\/div>\n\t\t<div class=\"elementor-element elementor-element-1a3fde9 e-con-full e-flex e-con e-child\" data-id=\"1a3fde9\" data-element_type=\"container\">\n\t\t<div class=\"elementor-element elementor-element-524ed03 e-con-full e-flex e-con e-child\" data-id=\"524ed03\" data-element_type=\"container\">\n\t\t\t\t<div class=\"elementor-element elementor-element-ff9bcf9 elementor-position-left elementor-widget-mobile__width-inherit elementor-mobile-position-left elementor-view-default elementor-widget elementor-widget-icon-box\" data-id=\"ff9bcf9\" data-element_type=\"widget\" data-widget_type=\"icon-box.default\">\n\t\t\t\t<div class=\"elementor-widget-container\">\n\t\t\t\t\t\t\t<div class=\"elementor-icon-box-wrapper\">\n\n\t\t\t\t\t\t<div class=\"elementor-icon-box-icon\">\n\t\t\t\t<span  class=\"elementor-icon\">\n\t\t\t\t<svg aria-hidden=\"true\" class=\"e-font-icon-svg e-fas-check\" viewbox=\"0 0 512 512\" xmlns=\"http:\/\/www.w3.org\/2000\/svg\"><path d=\"M173.898 439.404l-166.4-166.4c-9.997-9.997-9.997-26.206 0-36.204l36.203-36.204c9.997-9.998 26.207-9.998 36.204 0L192 312.69 432.095 72.596c9.997-9.997 26.207-9.997 36.204 0l36.203 36.204c9.997 9.997 9.997 26.206 0 36.204l-294.4 294.401c-9.998 9.997-26.207 9.997-36.204-.001z\"><\/path><\/svg>\t\t\t\t<\/span>\n\t\t\t<\/div>\n\t\t\t\n\t\t\t\t\t\t<div class=\"elementor-icon-box-content\">\n\n\t\t\t\t\t\t\t\t\t<h3 class=\"elementor-icon-box-title\">\n\t\t\t\t\t\t<span  >\n\t\t\t\t\t\t\tMb\u00ebshtetje logjistike e plot\u00eb\t\t\t\t\t\t<\/span>\n\t\t\t\t\t<\/h3>\n\t\t\t\t\n\t\t\t\t\n\t\t\t<\/div>\n\t\t\t\n\t\t<\/div>\n\t\t\t\t\t\t<\/div>\n\t\t\t\t<\/div>\n\t\t\t\t<div class=\"elementor-element elementor-element-3f9d032 elementor-position-left elementor-widget-mobile__width-inherit elementor-mobile-position-left elementor-view-default elementor-widget elementor-widget-icon-box\" data-id=\"3f9d032\" data-element_type=\"widget\" data-widget_type=\"icon-box.default\">\n\t\t\t\t<div class=\"elementor-widget-container\">\n\t\t\t\t\t\t\t<div class=\"elementor-icon-box-wrapper\">\n\n\t\t\t\t\t\t<div class=\"elementor-icon-box-icon\">\n\t\t\t\t<span  class=\"elementor-icon\">\n\t\t\t\t<svg aria-hidden=\"true\" class=\"e-font-icon-svg e-fas-check\" viewbox=\"0 0 512 512\" xmlns=\"http:\/\/www.w3.org\/2000\/svg\"><path d=\"M173.898 439.404l-166.4-166.4c-9.997-9.997-9.997-26.206 0-36.204l36.203-36.204c9.997-9.998 26.207-9.998 36.204 0L192 312.69 432.095 72.596c9.997-9.997 26.207-9.997 36.204 0l36.203 36.204c9.997 9.997 9.997 26.206 0 36.204l-294.4 294.401c-9.998 9.997-26.207 9.997-36.204-.001z\"><\/path><\/svg>\t\t\t\t<\/span>\n\t\t\t<\/div>\n\t\t\t\n\t\t\t\t\t\t<div class=\"elementor-icon-box-content\">\n\n\t\t\t\t\t\t\t\t\t<h3 class=\"elementor-icon-box-title\">\n\t\t\t\t\t\t<span  >\n\t\t\t\t\t\t\t\u041e\u0431\u0435\u0437\u0431\u0435\u0434\u0443\u0432\u0430\u045a\u0435 \u043f\u0440\u043e\u0441\u0442\u043e\u0440 \u0437\u0430 \u0441\u043a\u043b\u0430\u0434\u0438\u0440\u0430\u045a\u0435 \u043d\u0430 \u0441\u0442\u043e\u043a\u0438 \u043f\u043e\u0434 \u0446\u0430\u0440\u0438\u043d\u0441\u043a\u0438 \u043d\u0430\u0434\u0437\u043e\u0440\t\t\t\t\t\t<\/span>\n\t\t\t\t\t<\/h3>\n\t\t\t\t\n\t\t\t\t\n\t\t\t<\/div>\n\t\t\t\n\t\t<\/div>\n\t\t\t\t\t\t<\/div>\n\t\t\t\t<\/div>\n\t\t\t\t<div class=\"elementor-element elementor-element-ecb53a5 elementor-position-left elementor-widget-mobile__width-inherit elementor-mobile-position-left elementor-view-default elementor-widget elementor-widget-icon-box\" data-id=\"ecb53a5\" data-element_type=\"widget\" data-widget_type=\"icon-box.default\">\n\t\t\t\t<div class=\"elementor-widget-container\">\n\t\t\t\t\t\t\t<div class=\"elementor-icon-box-wrapper\">\n\n\t\t\t\t\t\t<div class=\"elementor-icon-box-icon\">\n\t\t\t\t<span  class=\"elementor-icon\">\n\t\t\t\t<svg aria-hidden=\"true\" class=\"e-font-icon-svg e-fas-check\" viewbox=\"0 0 512 512\" xmlns=\"http:\/\/www.w3.org\/2000\/svg\"><path d=\"M173.898 439.404l-166.4-166.4c-9.997-9.997-9.997-26.206 0-36.204l36.203-36.204c9.997-9.998 26.207-9.998 36.204 0L192 312.69 432.095 72.596c9.997-9.997 26.207-9.997 36.204 0l36.203 36.204c9.997 9.997 9.997 26.206 0 36.204l-294.4 294.401c-9.998 9.997-26.207 9.997-36.204-.001z\"><\/path><\/svg>\t\t\t\t<\/span>\n\t\t\t<\/div>\n\t\t\t\n\t\t\t\t\t\t<div class=\"elementor-icon-box-content\">\n\n\t\t\t\t\t\t\t\t\t<h3 class=\"elementor-icon-box-title\">\n\t\t\t\t\t\t<span  >\n\t\t\t\t\t\t\tFleksibilitet sipas k\u00ebrkesave dhe nevojave tuaja\t\t\t\t\t\t<\/span>\n\t\t\t\t\t<\/h3>\n\t\t\t\t\n\t\t\t\t\n\t\t\t<\/div>\n\t\t\t\n\t\t<\/div>\n\t\t\t\t\t\t<\/div>\n\t\t\t\t<\/div>\n\t\t\t\t<\/div>\n\t\t<div class=\"elementor-element elementor-element-2d62df8 e-con-full e-flex e-con e-child\" data-id=\"2d62df8\" data-element_type=\"container\">\n\t\t\t\t<div class=\"elementor-element elementor-element-648ad6a elementor-widget elementor-widget-image\" data-id=\"648ad6a\" data-element_type=\"widget\" data-widget_type=\"image.default\">\n\t\t\t\t<div class=\"elementor-widget-container\">\n\t\t\t\t\t\t\t\t\t\t\t\t\t\t\t<img decoding=\"async\" width=\"628\" height=\"380\" src=\"https:\/\/terimak.com.mk\/wp-content\/uploads\/2025\/05\/image-1.png\" class=\"attachment-large size-large wp-image-481\" alt=\"\" srcset=\"https:\/\/terimak.com.mk\/wp-content\/uploads\/2025\/05\/image-1.png 628w, https:\/\/terimak.com.mk\/wp-content\/uploads\/2025\/05\/image-1-300x182.png 300w, https:\/\/terimak.com.mk\/wp-content\/uploads\/2025\/05\/image-1-18x12.png 18w\" sizes=\"(max-width: 628px) 100vw, 628px\" \/>\t\t\t\t\t\t\t\t\t\t\t\t\t\t\t<\/div>\n\t\t\t\t<\/div>\n\t\t\t\t<\/div>\n\t\t\t\t<\/div>\n\t\t\t\t\t<\/div>\n\t\t\t\t<\/div>\n\t\t\t\t<\/div>","protected":false},"excerpt":{"rendered":"<p>\u0428\u043f\u0435\u0434\u0438\u0446\u0438\u0458\u0430 \u041d\u0430\u0432\u0440\u0435\u043c\u0435\u043d\u043e, \u0411\u0440\u0437\u043e, \u041a\u0432\u0430\u043b\u0438\u0442\u0435\u0442\u043d\u043e! \u0428\u0442\u043e \u043d\u0443\u0434\u0438\u043c\u0435 \u043d\u0438\u0435&#8230; \u041d\u0430\u0448\u0430\u0442\u0430 \u0434\u0435\u0458\u043d\u043e\u0441\u0442 \u0435 \u0444\u043e\u043a\u0443\u0441\u0438\u0440\u0430\u043d\u0430 \u043d\u0430 \u0431\u0440\u0437\u0438, \u0441\u0438\u0433\u0443\u0440\u043d\u0438 \u0438 \u0435\u043a\u043e\u043d\u043e\u043c\u0438\u0447\u043d\u0438 \u0440\u0435\u0448\u0435\u043d\u0438\u0458\u0430 \u0437\u0430 \u0441\u0438\u0442\u0435 \u0432\u0430\u0448\u0438 \u043b\u043e\u0433\u0438\u0441\u0442\u0438\u0447\u043a\u0438 \u043f\u043e\u0442\u0440\u0435\u0431\u0438. \u0422\u0435\u0440\u0438\u043c\u0430\u043a \u0440\u0430\u0441\u043f\u043e\u043b\u0430\u0433\u0430 \u0441\u043e \u0441\u0442\u0440\u0443\u0447\u0435\u043d \u0442\u0438\u043c \u0438 \u0434\u043e\u043b\u0433\u043e\u0433\u043e\u0434\u0438\u0448\u043d\u043e \u0438\u0441\u043a\u0443\u0441\u0442\u0432\u043e \u0432\u043e \u043e\u0431\u043b\u0430\u0441\u0442\u0430 \u043d\u0430 \u0446\u0430\u0440\u0438\u043d\u0441\u043a\u043e\u0442\u043e \u043f\u043e\u0441\u0440\u0435\u0434\u0443\u0432\u0430\u045a\u0435, \u043e\u0432\u043e\u0437\u043c\u043e\u0436\u0443\u0432\u0430\u0458\u045c\u0438 \u0435\u0444\u0438\u043a\u0430\u0441\u043d\u0430 \u0438 \u043d\u0430\u0432\u0440\u0435\u043c\u0435\u043d\u0430 \u043e\u0431\u0440\u0430\u0431\u043e\u0442\u043a\u0430 \u043d\u0430 \u0434\u043e\u043a\u0443\u043c\u0435\u043d\u0442\u0430\u0446\u0438\u0458\u0430\u0442\u0430, \u0441\u043e \u0448\u0442\u043e \u0441\u0435 \u0438\u0437\u0431\u0435\u0433\u043d\u0443\u0432\u0430\u0430\u0442 \u0434\u043e\u0446\u043d\u0435\u045a\u0430 \u0438 \u043d\u0435\u043f\u043e\u0442\u0440\u0435\u0431\u043d\u0438 \u0434\u043e\u043f\u043e\u043b\u043d\u0438\u0442\u0435\u043b\u043d\u0438 \u0442\u0440\u043e\u0448\u043e\u0446\u0438. \u0426\u0430\u0440\u0438\u043d\u0441\u043a\u043e \u0437\u0430\u0441\u0442\u0430\u043f\u0443\u0432\u0430\u045a\u0435 \u043d\u0430 \u0441\u0442\u043e\u043a\u0438 [&hellip;]<\/p>","protected":false},"author":1,"featured_media":0,"parent":0,"menu_order":0,"comment_status":"closed","ping_status":"closed","template":"","meta":{"footnotes":""},"class_list":["post-335","page","type-page","status-publish","hentry"],"_links":{"self":[{"href":"https:\/\/terimak.com.mk\/sq\/wp-json\/wp\/v2\/pages\/335","targetHints":{"allow":["GET"]}}],"collection":[{"href":"https:\/\/terimak.com.mk\/sq\/wp-json\/wp\/v2\/pages"}],"about":[{"href":"https:\/\/terimak.com.mk\/sq\/wp-json\/wp\/v2\/types\/page"}],"author":[{"embeddable":true,"href":"https:\/\/terimak.com.mk\/sq\/wp-json\/wp\/v2\/users\/1"}],"replies":[{"embeddable":true,"href":"https:\/\/terimak.com.mk\/sq\/wp-json\/wp\/v2\/comments?post=335"}],"version-history":[{"count":40,"href":"https:\/\/terimak.com.mk\/sq\/wp-json\/wp\/v2\/pages\/335\/revisions"}],"predecessor-version":[{"id":558,"href":"https:\/\/terimak.com.mk\/sq\/wp-json\/wp\/v2\/pages\/335\/revisions\/558"}],"wp:attachment":[{"href":"https:\/\/terimak.com.mk\/sq\/wp-json\/wp\/v2\/media?parent=335"}],"curies":[{"name":"wp","href":"https:\/\/api.w.org\/{rel}","templated":true}]}}