{"id":412,"date":"2025-05-08T16:44:41","date_gmt":"2025-05-08T16:44:41","guid":{"rendered":"https:\/\/terimak.com.mk\/?page_id=412"},"modified":"2025-05-09T17:10:32","modified_gmt":"2025-05-09T17:10:32","slug":"za-nas","status":"publish","type":"page","link":"https:\/\/terimak.com.mk\/sq\/za-nas\/","title":{"rendered":"Rreth Nesh"},"content":{"rendered":"<div data-elementor-type=\"wp-page\" data-elementor-id=\"412\" class=\"elementor elementor-412\" data-elementor-post-type=\"page\">\n\t\t\t\t<div class=\"elementor-element elementor-element-4a47070 e-flex e-con-boxed e-con e-parent\" data-id=\"4a47070\" data-element_type=\"container\" data-settings=\"{&quot;background_background&quot;:&quot;classic&quot;}\">\n\t\t\t\t\t<div class=\"e-con-inner\">\n\t\t\t\t<div class=\"elementor-element elementor-element-54ccb28 elementor-widget elementor-widget-heading\" data-id=\"54ccb28\" data-element_type=\"widget\" data-widget_type=\"heading.default\">\n\t\t\t\t<div class=\"elementor-widget-container\">\n\t\t\t\t\t<h2 class=\"elementor-heading-title elementor-size-default\">Rreth Nesh<\/h2>\t\t\t\t<\/div>\n\t\t\t\t<\/div>\n\t\t\t\t<div class=\"elementor-element elementor-element-eaa39bf elementor-widget-divider--view-line elementor-widget elementor-widget-divider\" data-id=\"eaa39bf\" data-element_type=\"widget\" data-widget_type=\"divider.default\">\n\t\t\t\t<div class=\"elementor-widget-container\">\n\t\t\t\t\t\t\t<div class=\"elementor-divider\">\n\t\t\t<span class=\"elementor-divider-separator\">\n\t\t\t\t\t\t<\/span>\n\t\t<\/div>\n\t\t\t\t\t\t<\/div>\n\t\t\t\t<\/div>\n\t\t\t\t<div class=\"elementor-element elementor-element-ea5709e elementor-widget elementor-widget-heading\" data-id=\"ea5709e\" data-element_type=\"widget\" data-widget_type=\"heading.default\">\n\t\t\t\t<div class=\"elementor-widget-container\">\n\t\t\t\t\t<h2 class=\"elementor-heading-title elementor-size-default\">Siguri me ne!<\/h2>\t\t\t\t<\/div>\n\t\t\t\t<\/div>\n\t\t\t\t\t<\/div>\n\t\t\t\t<\/div>\n\t\t<div class=\"elementor-element elementor-element-f5eeb84 e-flex e-con-boxed e-con e-parent\" data-id=\"f5eeb84\" data-element_type=\"container\" data-settings=\"{&quot;background_background&quot;:&quot;classic&quot;}\">\n\t\t\t\t\t<div class=\"e-con-inner\">\n\t\t\t\t<div class=\"elementor-element elementor-element-faa6751 elementor-widget elementor-widget-heading\" data-id=\"faa6751\" data-element_type=\"widget\" data-widget_type=\"heading.default\">\n\t\t\t\t<div class=\"elementor-widget-container\">\n\t\t\t\t\t<h2 class=\"elementor-heading-title elementor-size-default\">P\u00ebr kompanin\u00eb ton\u00eb<\/h2>\t\t\t\t<\/div>\n\t\t\t\t<\/div>\n\t\t\t\t<div class=\"elementor-element elementor-element-c90c738 elementor-widget elementor-widget-heading\" data-id=\"c90c738\" data-element_type=\"widget\" data-widget_type=\"heading.default\">\n\t\t\t\t<div class=\"elementor-widget-container\">\n\t\t\t\t\t<h2 class=\"elementor-heading-title elementor-size-default\">Siguri me TERIMAK<\/h2>\t\t\t\t<\/div>\n\t\t\t\t<\/div>\n\t\t\t\t<div class=\"elementor-element elementor-element-25ffd82 elementor-widget-divider--view-line elementor-widget elementor-widget-divider\" data-id=\"25ffd82\" data-element_type=\"widget\" data-widget_type=\"divider.default\">\n\t\t\t\t<div class=\"elementor-widget-container\">\n\t\t\t\t\t\t\t<div class=\"elementor-divider\">\n\t\t\t<span class=\"elementor-divider-separator\">\n\t\t\t\t\t\t<\/span>\n\t\t<\/div>\n\t\t\t\t\t\t<\/div>\n\t\t\t\t<\/div>\n\t\t\t\t<div class=\"elementor-element elementor-element-1466fe5 elementor-widget elementor-widget-heading\" data-id=\"1466fe5\" data-element_type=\"widget\" data-widget_type=\"heading.default\">\n\t\t\t\t<div class=\"elementor-widget-container\">\n\t\t\t\t\t<h2 class=\"elementor-heading-title elementor-size-default\"><b>TERIMAK import-eksport SHPKNJP Shkup <\/b>\u00ebsht\u00eb nj\u00eb shoq\u00ebri me p\u00ebrgjegj\u00ebsi t\u00eb kufizuar e themeluar me kapital t\u00eb vet\u00ebm,<br>\ne cila ka operuar me sukses n\u00eb treg q\u00eb nga 18 mars 1999.<br>\nMe seli n\u00eb <b>rr. Pero Nakov nr. 108A, komuna e Gazi Bab\u00ebs \u2013 Shkup, Republika e Maqedonis\u00eb s\u00eb Veriut,<\/b>,<br>\nkompania \u00ebsht\u00eb pozicionuar si nj\u00eb partner i sigurt dhe strategjik n\u00eb fush\u00ebn e shpeditimit,<br>\nnd\u00ebrmjet\u00ebsimi doganor dhe transporti nd\u00ebrkomb\u00ebtar.<br><br>\n\nMe m\u00eb shum\u00eb se dy dekada p\u00ebrvoj\u00eb, Terimak dallohet p\u00ebr qasjen profesionale,<br>\nkryerja n\u00eb koh\u00eb e detyrimeve dhe p\u00ebrkushtimi i vazhduesh\u00ebm ndaj nevojave t\u00eb klient\u00ebve.<br>\nMisioni yn\u00eb \u00ebsht\u00eb t\u00eb ofrojm\u00eb <b>zgjidhje logjistike t\u00eb shpejta, t\u00eb sigurta dhe efikase<\/b>,<br>\nku \u00e7do klient merr trajtim individual dhe mb\u00ebshtetje gjat\u00eb gjith\u00eb procesit \u2013 nga doganimi deri te dor\u00ebzimi.<br><br>\n\nMe kalimin e viteve, Terimak ka nd\u00ebrtuar nj\u00eb reputacion t\u00eb q\u00ebndruesh\u00ebm si <b>partner i besuesh\u00ebm<br>\np\u00ebr kompani vendase dhe t\u00eb huaja<\/b> q\u00eb k\u00ebrkojn\u00eb mb\u00ebshtetje t\u00eb sigurt n\u00eb proceset e importit, eksportit dhe formaliteteve doganore.<br><br>\n\nEkipi yn\u00eb p\u00ebrb\u00ebhet nga<b> shpeditues t\u00eb licencuar dhe me p\u00ebrvoj\u00eb,<\/b>,<br>\nt\u00eb gatsh\u00ebm t\u00eb p\u00ebrballen me \u00e7do sfid\u00eb logjistike me <b>shpejt\u00ebsi, sakt\u00ebsi dhe p\u00ebrkushtim t\u00eb plot\u00eb<\/b>.<br><br>\n\nNe ndjekim rregullat dhe standardet m\u00eb t\u00eb reja n\u00eb tregtin\u00eb nd\u00ebrkomb\u00ebtare,<br>\nduke i mund\u00ebsuar \u00e7do klienti <b>sh\u00ebrbim t\u00eb p\u00ebrsosur, kosto t\u00eb optimizuara<br>\ndhe dor\u00ebzim n\u00eb koh\u00eb t\u00eb mallrave<\/b>.<br><br>\n\nSuksesi yn\u00eb \u00ebsht\u00eb rezultat i angazhimit t\u00eb q\u00ebndruesh\u00ebm p\u00ebr cil\u00ebsi, inovacion dhe bashk\u00ebpunim transparent<br>\nme partner\u00ebt tan\u00eb t\u00eb biznesit.<br><br>\n\n<p style=\"text-align: center\"> <i>Besoni tek Terimak \u2013 nj\u00eb partner q\u00eb kujdeset p\u00ebr mallrat tuaja, koh\u00ebn tuaj dhe suksesin tuaj.<\/i> <\/p><\/h2>\t\t\t\t<\/div>\n\t\t\t\t<\/div>\n\t\t\t\t\t<\/div>\n\t\t\t\t<\/div>\n\t\t\t\t<\/div>","protected":false},"excerpt":{"rendered":"<p>\u0417\u0430 \u041d\u0430\u0441 \u0421\u0438\u0433\u0443\u0440\u043d\u043e\u0441\u0442 \u0441\u043e \u043d\u0430\u0441! \u0417\u0430 \u043d\u0430\u0448\u0430\u0442\u0430 \u043a\u043e\u043c\u043f\u0430\u043d\u0438\u0458\u0430 \u0421\u0438\u0433\u0443\u0440\u043d\u043e\u0441\u0442 \u0441\u043e \u0422\u0415\u0420\u0418\u041c\u0410\u041a \u0422\u0415\u0420\u0418\u041c\u0410\u041a \u0443\u0432\u043e\u0437-\u0438\u0437\u0432\u043e\u0437 \u0414\u041e\u041e\u0415\u041b \u0421\u043a\u043e\u043f\u0458\u0435 \u0435 \u0434\u0440\u0443\u0448\u0442\u0432\u043e \u0441\u043e \u043e\u0433\u0440\u0430\u043d\u0438\u0447\u0435\u043d\u0430 \u043e\u0434\u0433\u043e\u0432\u043e\u0440\u043d\u043e\u0441\u0442 \u043e\u0441\u043d\u043e\u0432\u0430\u043d\u043e \u0441\u043e \u0435\u0434\u043d\u043e\u043b\u0438\u0447\u0435\u043d \u043a\u0430\u043f\u0438\u0442\u0430\u043b, \u043a\u043e\u0435 \u0443\u0441\u043f\u0435\u0448\u043d\u043e \u0440\u0430\u0431\u043e\u0442\u0438 \u043d\u0430 \u043f\u0430\u0437\u0430\u0440\u043e\u0442 \u043e\u0434 18 \u043c\u0430\u0440\u0442 1999 \u0433\u043e\u0434\u0438\u043d\u0430. \u0421\u043e \u0441\u0435\u0434\u0438\u0448\u0442\u0435 \u043d\u0430 \u0443\u043b. \u041f\u0435\u0440\u043e \u041d\u0430\u043a\u043e\u0432 \u0431\u0440. 108\u0410, \u043e\u043f\u0448\u0442\u0438\u043d\u0430 \u0413\u0430\u0437\u0438 \u0411\u0430\u0431\u0430 \u2013 \u0421\u043a\u043e\u043f\u0458\u0435, \u0420\u0435\u043f\u0443\u0431\u043b\u0438\u043a\u0430 \u0421\u0435\u0432\u0435\u0440\u043d\u0430 \u041c\u0430\u043a\u0435\u0434\u043e\u043d\u0438\u0458\u0430, \u043a\u043e\u043c\u043f\u0430\u043d\u0438\u0458\u0430\u0442\u0430 \u0435 \u043f\u043e\u0437\u0438\u0446\u0438\u043e\u043d\u0438\u0440\u0430\u043d\u0430 \u043a\u0430\u043a\u043e \u0441\u0438\u0433\u0443\u0440\u0435\u043d [&hellip;]<\/p>","protected":false},"author":1,"featured_media":0,"parent":0,"menu_order":0,"comment_status":"closed","ping_status":"closed","template":"","meta":{"footnotes":""},"class_list":["post-412","page","type-page","status-publish","hentry"],"_links":{"self":[{"href":"https:\/\/terimak.com.mk\/sq\/wp-json\/wp\/v2\/pages\/412","targetHints":{"allow":["GET"]}}],"collection":[{"href":"https:\/\/terimak.com.mk\/sq\/wp-json\/wp\/v2\/pages"}],"about":[{"href":"https:\/\/terimak.com.mk\/sq\/wp-json\/wp\/v2\/types\/page"}],"author":[{"embeddable":true,"href":"https:\/\/terimak.com.mk\/sq\/wp-json\/wp\/v2\/users\/1"}],"replies":[{"embeddable":true,"href":"https:\/\/terimak.com.mk\/sq\/wp-json\/wp\/v2\/comments?post=412"}],"version-history":[{"count":17,"href":"https:\/\/terimak.com.mk\/sq\/wp-json\/wp\/v2\/pages\/412\/revisions"}],"predecessor-version":[{"id":564,"href":"https:\/\/terimak.com.mk\/sq\/wp-json\/wp\/v2\/pages\/412\/revisions\/564"}],"wp:attachment":[{"href":"https:\/\/terimak.com.mk\/sq\/wp-json\/wp\/v2\/media?parent=412"}],"curies":[{"name":"wp","href":"https:\/\/api.w.org\/{rel}","templated":true}]}}